{"id":24423,"date":"2026-03-05T17:32:22","date_gmt":"2026-03-05T16:32:22","guid":{"rendered":"https:\/\/silmisa.com\/perifericos-2\/"},"modified":"2026-04-15T16:52:19","modified_gmt":"2026-04-15T14:52:19","slug":"perifericos-2","status":"publish","type":"page","link":"https:\/\/silmisa.com\/pt-pt\/perifericos-2\/","title":{"rendered":"Perif\u00e9ricos"},"content":{"rendered":"\t\t<div data-elementor-type=\"wp-page\" data-elementor-id=\"24423\" class=\"elementor elementor-24423 elementor-18528\" data-elementor-post-type=\"page\">\n\t\t\t\t<div class=\"elementor-element elementor-element-3523888 e-con-full e-flex e-con e-parent\" data-id=\"3523888\" data-element_type=\"container\" data-e-type=\"container\" data-settings=\"{&quot;background_background&quot;:&quot;classic&quot;}\">\n\t\t<div class=\"elementor-element elementor-element-a7e83ff e-con-full e-flex e-con e-child\" data-id=\"a7e83ff\" data-element_type=\"container\" data-e-type=\"container\" data-settings=\"{&quot;background_background&quot;:&quot;classic&quot;}\">\n\t\t\t\t<div class=\"elementor-element elementor-element-c19931b elementor-widget elementor-widget-heading\" data-id=\"c19931b\" data-element_type=\"widget\" data-e-type=\"widget\" data-widget_type=\"heading.default\">\n\t\t\t\t<div class=\"elementor-widget-container\">\n\t\t\t\t\t<h1 class=\"elementor-heading-title elementor-size-default\">Perif\u00e9ricos<\/h1>\t\t\t\t<\/div>\n\t\t\t\t<\/div>\n\t\t\t\t<\/div>\n\t\t\t\t<\/div>\n\t\t<div class=\"elementor-element elementor-element-d100d4a e-flex e-con-boxed e-con e-parent\" data-id=\"d100d4a\" data-element_type=\"container\" data-e-type=\"container\">\n\t\t\t\t\t<div class=\"e-con-inner\">\n\t\t\t\t<div class=\"elementor-element elementor-element-dc7ecf3 elementor-widget__width-initial elementor-widget elementor-widget-text-editor\" data-id=\"dc7ecf3\" data-element_type=\"widget\" data-e-type=\"widget\" data-widget_type=\"text-editor.default\">\n\t\t\t\t<div class=\"elementor-widget-container\">\n\t\t\t\t\t\t\t\t\t<p>Na Silmisa, compreendemos a import\u00e2ncia de fornecer solu\u00e7\u00f5es completas e eficientes para cada processo de reciclagem industrial. Por isso, oferecemos uma vasta gama de perif\u00e9ricos de alto desempenho que complementam as nossas m\u00e1quinas, garantindo resultados \u00f3timos em todas as fases da reciclagem. Os nossos perif\u00e9ricos incluem correias transportadoras, sistemas de lavagem de pl\u00e1sticos, centr\u00edfugas industriais, correntes transportadoras e suportes para big bags.   <\/p>\t\t\t\t\t\t\t\t<\/div>\n\t\t\t\t<\/div>\n\t\t\t\t\t<\/div>\n\t\t\t\t<\/div>\n\t\t<div class=\"elementor-element elementor-element-fa20d72 e-flex e-con-boxed e-con e-parent\" data-id=\"fa20d72\" data-element_type=\"container\" data-e-type=\"container\" data-settings=\"{&quot;background_background&quot;:&quot;classic&quot;}\">\n\t\t\t\t\t<div class=\"e-con-inner\">\n\t\t\t\t<div class=\"elementor-element elementor-element-c50482c elementor-widget elementor-widget-heading\" data-id=\"c50482c\" data-element_type=\"widget\" data-e-type=\"widget\" data-widget_type=\"heading.default\">\n\t\t\t\t<div class=\"elementor-widget-container\">\n\t\t\t\t\t<h2 class=\"elementor-heading-title elementor-size-default\">Nossos perif\u00e9ricos<\/h2>\t\t\t\t<\/div>\n\t\t\t\t<\/div>\n\t\t\t\t\t<\/div>\n\t\t\t\t<\/div>\n\t\t<div class=\"elementor-element elementor-element-2876755 e-con-full e-flex e-con e-parent\" data-id=\"2876755\" data-element_type=\"container\" data-e-type=\"container\">\n\t\t\t\t<div class=\"elementor-element elementor-element-2335b13 elementor--h-position-center elementor--v-position-middle elementor-arrows-position-inside elementor-pagination-position-inside elementor-widget elementor-widget-slides\" data-id=\"2335b13\" data-element_type=\"widget\" data-e-type=\"widget\" data-settings=\"{&quot;navigation&quot;:&quot;both&quot;,&quot;autoplay&quot;:&quot;yes&quot;,&quot;pause_on_hover&quot;:&quot;yes&quot;,&quot;pause_on_interaction&quot;:&quot;yes&quot;,&quot;autoplay_speed&quot;:5000,&quot;infinite&quot;:&quot;yes&quot;,&quot;transition&quot;:&quot;slide&quot;,&quot;transition_speed&quot;:500}\" data-widget_type=\"slides.default\">\n\t\t\t\t<div class=\"elementor-widget-container\">\n\t\t\t\t\t\t\t\t\t<div class=\"elementor-swiper\">\n\t\t\t\t\t<div class=\"elementor-slides-wrapper elementor-main-swiper swiper\" role=\"region\" aria-roledescription=\"carousel\" aria-label=\"Diapositivas\" dir=\"ltr\" data-animation=\"fadeInUp\">\n\t\t\t\t<div class=\"swiper-wrapper elementor-slides\">\n\t\t\t\t\t\t\t\t\t\t<div class=\"elementor-repeater-item-c446a01 swiper-slide\" role=\"group\" aria-roledescription=\"slide\"><div class=\"swiper-slide-bg\" role=\"img\" aria-label=\"cinta transportadora\"><\/div><div class=\"elementor-background-overlay\"><\/div><div class=\"swiper-slide-inner\" ><div class=\"swiper-slide-contents\"><h3 class=\"elementor-slide-heading\">Correias transportadoras<\/h3><div class=\"elementor-slide-description\"><p>As correias transportadoras s\u00e3o sistemas de transporte amplamente utilizados em diversos setores industriais, pois permitem a movimenta\u00e7\u00e3o cont\u00ednua, segura e eficiente de materiais de um ponto a outro. Gra\u00e7as a essa automa\u00e7\u00e3o, os processos de produ\u00e7\u00e3o s\u00e3o otimizados e o tempo de manuseio manual \u00e9 minimizado. Al\u00e9m disso, elas consistem em uma correia flex\u00edvel que se move sobre roletes, facilitando o transporte confi\u00e1vel de cargas pesadas ou volumosas. Consequentemente, suas principais caracter\u00edsticas incluem versatilidade, efici\u00eancia, flexibilidade de projeto e redu\u00e7\u00e3o de custos a longo prazo. Elas tamb\u00e9m oferecem f\u00e1cil manuten\u00e7\u00e3o e a capacidade de operar em terrenos inclinados.    <\/p>\n<\/div><a href=\"https:\/\/silmisa.com\/pt-pt\/correias-transportadoras\/\" class=\"elementor-button elementor-slide-button elementor-size-xs\">Descubra mais informa\u00e7\u00f5es<\/a><\/div><\/div><\/div><div class=\"elementor-repeater-item-6941247 swiper-slide\" role=\"group\" aria-roledescription=\"slide\"><div class=\"swiper-slide-bg\" role=\"img\" aria-label=\"lavadero silmisa\"><\/div><div class=\"elementor-background-overlay\"><\/div><div class=\"swiper-slide-inner\" ><div class=\"swiper-slide-contents\"><h3 class=\"elementor-slide-heading\">lavandaria de pl\u00e1stico<\/h3><div class=\"elementor-slide-description\"><p>Essas m\u00e1quinas s\u00e3o essenciais em linhas de reciclagem, pois removem impurezas, mat\u00e9ria org\u00e2nica, r\u00f3tulos e contaminantes aderidos ao material triturado. Sua principal fun\u00e7\u00e3o \u00e9 limpar o pl\u00e1stico reciclado por meio de processos de fric\u00e7\u00e3o, agita\u00e7\u00e3o e separa\u00e7\u00e3o por densidade, melhorando a qualidade do produto final. Al\u00e9m disso, esse equipamento se destaca pela alta efici\u00eancia na remo\u00e7\u00e3o de res\u00edduos, pela capacidade de processar grandes volumes de material e pela f\u00e1cil integra\u00e7\u00e3o em plantas industriais. Da mesma forma, ajuda a otimizar o desempenho geral da linha, reduzir interrup\u00e7\u00f5es em processos subsequentes e garantir uma reciclagem mais rent\u00e1vel e sustent\u00e1vel.   <\/p>\n<\/div><a href=\"https:\/\/silmisa.com\/pt-pt\/lavandaria-de-plastico\/\" class=\"elementor-button elementor-slide-button elementor-size-xs\">Descubra mais informa\u00e7\u00f5es<\/a><\/div><\/div><\/div><div class=\"elementor-repeater-item-9be516a swiper-slide\" role=\"group\" aria-roledescription=\"slide\"><div class=\"swiper-slide-bg\" role=\"img\" aria-label=\"centrifuga\"><\/div><div class=\"elementor-background-overlay\"><\/div><div class=\"swiper-slide-inner\" ><div class=\"swiper-slide-contents\"><h3 class=\"elementor-slide-heading\">centr\u00edfugas industriais<\/h3><div class=\"elementor-slide-description\"><p>As centr\u00edfugas industriais s\u00e3o equipamentos utilizados na reciclagem de pl\u00e1stico. Mais especificamente, sua principal fun\u00e7\u00e3o \u00e9 separar e remover \u00e1gua e outras impurezas do material pl\u00e1stico reciclado. Como resultado, a qualidade do produto final \u00e9 significativamente melhorada e seu processamento subsequente \u00e9 facilitado.<br \/>\nAl\u00e9m disso, este dispositivo perif\u00e9rico destaca-se pelas suas in\u00fameras vantagens t\u00e9cnicas. Em primeiro lugar, oferece alta efici\u00eancia na separa\u00e7\u00e3o de res\u00edduos. Em segundo lugar, possui uma elevada capacidade de processamento. Contribui ainda para a poupan\u00e7a de energia em instala\u00e7\u00f5es industriais e \u00e9 de f\u00e1cil manuten\u00e7\u00e3o.   <\/p>\n<\/div><a href=\"https:\/\/silmisa.com\/pt-pt\/centrifugas-industriais\/\" class=\"elementor-button elementor-slide-button elementor-size-xs\">Descubra mais informa\u00e7\u00f5es<\/a><\/div><\/div><\/div><div class=\"elementor-repeater-item-e5fba22 swiper-slide\" role=\"group\" aria-roledescription=\"slide\"><div class=\"swiper-slide-bg\" role=\"img\" aria-label=\"cinta de cadenas\"><\/div><div class=\"elementor-background-overlay\"><\/div><div class=\"swiper-slide-inner\" ><div class=\"swiper-slide-contents\"><h3 class=\"elementor-slide-heading\">Correntes transportadoras<\/h3><div class=\"elementor-slide-description\"><p>Esses sistemas de transporte s\u00e3o projetados para o transporte cont\u00ednuo de materiais pesados \u200b\u200bou volumosos em ambientes industriais exigentes. Ao contr\u00e1rio de outros sistemas de transporte, eles operam utilizando correntes met\u00e1licas refor\u00e7adas que movimentam o material de forma controlada, garantindo estabilidade e resist\u00eancia mec\u00e2nica. Destacam-se tamb\u00e9m pela robustez estrutural, capacidade de suportar cargas pesadas e adaptabilidade a diferentes configura\u00e7\u00f5es, tanto horizontais quanto inclinadas. Oferecem uma solu\u00e7\u00e3o confi\u00e1vel, segura e dur\u00e1vel, reduzindo paradas inesperadas e melhorando a efici\u00eancia operacional em linhas de reciclagem e processamento de materiais.   <\/p>\n<\/div><a href=\"https:\/\/silmisa.com\/pt-pt\/correntes-transportadoras\/\" class=\"elementor-button elementor-slide-button elementor-size-xs\">Descubra mais informa\u00e7\u00f5es<\/a><\/div><\/div><\/div><div class=\"elementor-repeater-item-b0da659 swiper-slide\" role=\"group\" aria-roledescription=\"slide\"><div class=\"swiper-slide-bg\" role=\"img\" aria-label=\"reciclaje de big bags\"><\/div><div class=\"elementor-background-overlay\"><\/div><div class=\"swiper-slide-inner\" ><div class=\"swiper-slide-contents\"><h3 class=\"elementor-slide-heading\">Suporte para big bag<\/h3><div class=\"elementor-slide-description\"><p>Os suportes para big bags s\u00e3o estruturas projetadas para sustentar e estabilizar sacos industriais durante o enchimento, esvaziamento ou armazenamento tempor\u00e1rio. Sua principal fun\u00e7\u00e3o \u00e9 garantir o manuseio seguro e eficiente de materiais a granel, prevenindo deforma\u00e7\u00f5es, tombamentos ou riscos operacionais. Destacam-se tamb\u00e9m pela sua resist\u00eancia mec\u00e2nica, facilidade de integra\u00e7\u00e3o com funis ou sistemas de transporte e pela contribui\u00e7\u00e3o para a melhoria da ergonomia na planta. Eles aprimoram a seguran\u00e7a industrial, otimizam os tempos de produ\u00e7\u00e3o e melhoram a organiza\u00e7\u00e3o do fluxo de materiais dentro da instala\u00e7\u00e3o.   <\/p>\n<\/div><a href=\"https:\/\/silmisa.com\/soporte-de-big-bags\/\" class=\"elementor-button elementor-slide-button elementor-size-xs\">Descubra mais informa\u00e7\u00f5es<\/a><\/div><\/div><\/div>\t\t\t\t<\/div>\n\t\t\t\t\t\t\t\t\t\t\t\t\t\t\t<div class=\"elementor-swiper-button elementor-swiper-button-prev\" role=\"button\" tabindex=\"0\" aria-label=\"Previous slide\">\n\t\t\t\t\t\t\t<svg aria-hidden=\"true\" class=\"e-font-icon-svg e-eicon-chevron-left\" viewBox=\"0 0 1000 1000\" xmlns=\"http:\/\/www.w3.org\/2000\/svg\"><path d=\"M646 125C629 125 613 133 604 142L308 442C296 454 292 471 292 487 292 504 296 521 308 533L604 854C617 867 629 875 646 875 663 875 679 871 692 858 704 846 713 829 713 812 713 796 708 779 692 767L438 487 692 225C700 217 708 204 708 187 708 171 704 154 692 142 675 129 663 125 646 125Z\"><\/path><\/svg>\t\t\t\t\t\t<\/div>\n\t\t\t\t\t\t<div class=\"elementor-swiper-button elementor-swiper-button-next\" role=\"button\" tabindex=\"0\" aria-label=\"Next slide\">\n\t\t\t\t\t\t\t<svg aria-hidden=\"true\" class=\"e-font-icon-svg e-eicon-chevron-right\" viewBox=\"0 0 1000 1000\" xmlns=\"http:\/\/www.w3.org\/2000\/svg\"><path d=\"M696 533C708 521 713 504 713 487 713 471 708 454 696 446L400 146C388 133 375 125 354 125 338 125 325 129 313 142 300 154 292 171 292 187 292 204 296 221 308 233L563 492 304 771C292 783 288 800 288 817 288 833 296 850 308 863 321 871 338 875 354 875 371 875 388 867 400 854L696 533Z\"><\/path><\/svg>\t\t\t\t\t\t<\/div>\n\t\t\t\t\t\t\t\t\t\t\t\t\t\t\t\t<div class=\"swiper-pagination\"><\/div>\n\t\t\t\t\t\t\t\t\t\t\t\t<\/div>\n\t\t\t\t<\/div>\n\t\t\t\t\t\t\t\t<\/div>\n\t\t\t\t<\/div>\n\t\t\t\t<\/div>\n\t\t<div class=\"elementor-element elementor-element-af18ed4 e-flex e-con-boxed e-con e-parent\" data-id=\"af18ed4\" data-element_type=\"container\" data-e-type=\"container\" data-settings=\"{&quot;background_background&quot;:&quot;gradient&quot;}\">\n\t\t\t\t\t<div class=\"e-con-inner\">\n\t\t<div class=\"elementor-element elementor-element-f9d2b8d e-con-full e-flex e-con e-child\" data-id=\"f9d2b8d\" data-element_type=\"container\" data-e-type=\"container\" data-settings=\"{&quot;background_background&quot;:&quot;classic&quot;}\">\n\t\t\t\t<div class=\"elementor-element elementor-element-47c5845 elementor-widget__width-initial elementor-widget elementor-widget-heading\" data-id=\"47c5845\" data-element_type=\"widget\" data-e-type=\"widget\" data-widget_type=\"heading.default\">\n\t\t\t\t<div class=\"elementor-widget-container\">\n\t\t\t\t\t<p class=\"elementor-heading-title elementor-size-default\"><a href=\"https:\/\/www.youtube.com\/@silmisamaquinaria\" target=\"_blank\" rel=\"noopener\">Tem alguma d\u00favida sobre nossos perif\u00e9ricos?<\/a><\/p>\t\t\t\t<\/div>\n\t\t\t\t<\/div>\n\t\t\t\t<div class=\"elementor-element elementor-element-a16ca63 elementor-widget elementor-widget-heading\" data-id=\"a16ca63\" data-element_type=\"widget\" data-e-type=\"widget\" data-widget_type=\"heading.default\">\n\t\t\t\t<div class=\"elementor-widget-container\">\n\t\t\t\t\t<p class=\"elementor-heading-title elementor-size-default\">Contacte-nos agora mesmo e n\u00f3s aconselharemos sem compromisso.<\/p>\t\t\t\t<\/div>\n\t\t\t\t<\/div>\n\t\t\t\t<\/div>\n\t\t\t\t<div class=\"elementor-element elementor-element-4003c9c elementor-view-default elementor-widget elementor-widget-icon\" data-id=\"4003c9c\" data-element_type=\"widget\" data-e-type=\"widget\" data-widget_type=\"icon.default\">\n\t\t\t\t<div class=\"elementor-widget-container\">\n\t\t\t\t\t\t\t<div class=\"elementor-icon-wrapper\">\n\t\t\t<div class=\"elementor-icon\">\n\t\t\t<svg aria-hidden=\"true\" class=\"e-font-icon-svg e-fas-arrow-circle-down\" viewBox=\"0 0 512 512\" xmlns=\"http:\/\/www.w3.org\/2000\/svg\"><path d=\"M504 256c0 137-111 248-248 248S8 393 8 256 119 8 256 8s248 111 248 248zm-143.6-28.9L288 302.6V120c0-13.3-10.7-24-24-24h-16c-13.3 0-24 10.7-24 24v182.6l-72.4-75.5c-9.3-9.7-24.8-9.9-34.3-.4l-10.9 11c-9.4 9.4-9.4 24.6 0 33.9L239 404.3c9.4 9.4 24.6 9.4 33.9 0l132.7-132.7c9.4-9.4 9.4-24.6 0-33.9l-10.9-11c-9.5-9.5-25-9.3-34.3.4z\"><\/path><\/svg>\t\t\t<\/div>\n\t\t<\/div>\n\t\t\t\t\t\t<\/div>\n\t\t\t\t<\/div>\n\t\t\t\t<div class=\"elementor-element elementor-element-62b98da elementor-align-center elementor-widget elementor-widget-button\" data-id=\"62b98da\" data-element_type=\"widget\" data-e-type=\"widget\" data-widget_type=\"button.default\">\n\t\t\t\t<div class=\"elementor-widget-container\">\n\t\t\t\t\t\t\t\t\t<div class=\"elementor-button-wrapper\">\n\t\t\t\t\t<a class=\"elementor-button elementor-button-link elementor-size-sm elementor-animation-grow\" href=\"https:\/\/silmisa.com\/pt-pt\/contato-2\/\">\n\t\t\t\t\t\t<span class=\"elementor-button-content-wrapper\">\n\t\t\t\t\t\t\t\t\t<span class=\"elementor-button-text\">Contactar um consultor<\/span>\n\t\t\t\t\t<\/span>\n\t\t\t\t\t<\/a>\n\t\t\t\t<\/div>\n\t\t\t\t\t\t\t\t<\/div>\n\t\t\t\t<\/div>\n\t\t\t\t\t<\/div>\n\t\t\t\t<\/div>\n\t\t\t\t<\/div>\n\t\t","protected":false},"excerpt":{"rendered":"<p>Perif\u00e9ricos Na Silmisa, compreendemos a import\u00e2ncia de fornecer solu\u00e7\u00f5es completas e eficientes para cada processo de reciclagem industrial. Por isso, oferecemos uma vasta gama de perif\u00e9ricos de alto desempenho que complementam as nossas m\u00e1quinas, garantindo resultados \u00f3timos em todas as fases da reciclagem. Os nossos perif\u00e9ricos incluem correias transportadoras, sistemas de lavagem de pl\u00e1sticos, centr\u00edfugas [&hellip;]<\/p>\n","protected":false},"author":5,"featured_media":18787,"parent":0,"menu_order":0,"comment_status":"closed","ping_status":"closed","template":"elementor_header_footer","meta":{"_joinchat":[],"footnotes":""},"class_list":["post-24423","page","type-page","status-publish","has-post-thumbnail","hentry"],"_links":{"self":[{"href":"https:\/\/silmisa.com\/pt-pt\/wp-json\/wp\/v2\/pages\/24423","targetHints":{"allow":["GET"]}}],"collection":[{"href":"https:\/\/silmisa.com\/pt-pt\/wp-json\/wp\/v2\/pages"}],"about":[{"href":"https:\/\/silmisa.com\/pt-pt\/wp-json\/wp\/v2\/types\/page"}],"author":[{"embeddable":true,"href":"https:\/\/silmisa.com\/pt-pt\/wp-json\/wp\/v2\/users\/5"}],"replies":[{"embeddable":true,"href":"https:\/\/silmisa.com\/pt-pt\/wp-json\/wp\/v2\/comments?post=24423"}],"version-history":[{"count":15,"href":"https:\/\/silmisa.com\/pt-pt\/wp-json\/wp\/v2\/pages\/24423\/revisions"}],"predecessor-version":[{"id":26288,"href":"https:\/\/silmisa.com\/pt-pt\/wp-json\/wp\/v2\/pages\/24423\/revisions\/26288"}],"wp:featuredmedia":[{"embeddable":true,"href":"https:\/\/silmisa.com\/pt-pt\/wp-json\/wp\/v2\/media\/18787"}],"wp:attachment":[{"href":"https:\/\/silmisa.com\/pt-pt\/wp-json\/wp\/v2\/media?parent=24423"}],"curies":[{"name":"wp","href":"https:\/\/api.w.org\/{rel}","templated":true}]}}