{"id":24403,"date":"2026-03-05T17:00:23","date_gmt":"2026-03-05T16:00:23","guid":{"rendered":"https:\/\/silmisa.com\/peripheriques-2\/"},"modified":"2026-04-15T16:13:36","modified_gmt":"2026-04-15T14:13:36","slug":"peripheriques-2","status":"publish","type":"page","link":"https:\/\/silmisa.com\/fr\/peripheriques-2\/","title":{"rendered":"P\u00e9riph\u00e9riques"},"content":{"rendered":"\t\t<div data-elementor-type=\"wp-page\" data-elementor-id=\"24403\" class=\"elementor elementor-24403 elementor-18528\" data-elementor-post-type=\"page\">\n\t\t\t\t<div class=\"elementor-element elementor-element-3523888 e-con-full e-flex e-con e-parent\" data-id=\"3523888\" data-element_type=\"container\" data-e-type=\"container\" data-settings=\"{&quot;background_background&quot;:&quot;classic&quot;}\">\n\t\t<div class=\"elementor-element elementor-element-a7e83ff e-con-full e-flex e-con e-child\" data-id=\"a7e83ff\" data-element_type=\"container\" data-e-type=\"container\" data-settings=\"{&quot;background_background&quot;:&quot;classic&quot;}\">\n\t\t\t\t<div class=\"elementor-element elementor-element-c19931b elementor-widget elementor-widget-heading\" data-id=\"c19931b\" data-element_type=\"widget\" data-e-type=\"widget\" data-widget_type=\"heading.default\">\n\t\t\t\t<div class=\"elementor-widget-container\">\n\t\t\t\t\t<h1 class=\"elementor-heading-title elementor-size-default\">P\u00e9riph\u00e9riques<\/h1>\t\t\t\t<\/div>\n\t\t\t\t<\/div>\n\t\t\t\t<\/div>\n\t\t\t\t<\/div>\n\t\t<div class=\"elementor-element elementor-element-d100d4a e-flex e-con-boxed e-con e-parent\" data-id=\"d100d4a\" data-element_type=\"container\" data-e-type=\"container\">\n\t\t\t\t\t<div class=\"e-con-inner\">\n\t\t\t\t<div class=\"elementor-element elementor-element-dc7ecf3 elementor-widget__width-initial elementor-widget elementor-widget-text-editor\" data-id=\"dc7ecf3\" data-element_type=\"widget\" data-e-type=\"widget\" data-widget_type=\"text-editor.default\">\n\t\t\t\t<div class=\"elementor-widget-container\">\n\t\t\t\t\t\t\t\t\t<p>Chez Silmisa, nous comprenons l&#8217;importance de fournir des solutions compl\u00e8tes et performantes pour chaque processus de recyclage industriel. C&#8217;est pourquoi nous proposons une large gamme de p\u00e9riph\u00e9riques haute performance qui compl\u00e8tent nos machines et garantissent des r\u00e9sultats optimaux \u00e0 chaque \u00e9tape du recyclage. Nos p\u00e9riph\u00e9riques comprennent des bandes transporteuses, des syst\u00e8mes de lavage de plastique, des centrifugeuses industrielles, des cha\u00eenes de convoyage et des supports pour big bags.   <\/p>\t\t\t\t\t\t\t\t<\/div>\n\t\t\t\t<\/div>\n\t\t\t\t\t<\/div>\n\t\t\t\t<\/div>\n\t\t<div class=\"elementor-element elementor-element-fa20d72 e-flex e-con-boxed e-con e-parent\" data-id=\"fa20d72\" data-element_type=\"container\" data-e-type=\"container\" data-settings=\"{&quot;background_background&quot;:&quot;classic&quot;}\">\n\t\t\t\t\t<div class=\"e-con-inner\">\n\t\t\t\t<div class=\"elementor-element elementor-element-c50482c elementor-widget elementor-widget-heading\" data-id=\"c50482c\" data-element_type=\"widget\" data-e-type=\"widget\" data-widget_type=\"heading.default\">\n\t\t\t\t<div class=\"elementor-widget-container\">\n\t\t\t\t\t<h2 class=\"elementor-heading-title elementor-size-default\">Nos p\u00e9riph\u00e9riques<\/h2>\t\t\t\t<\/div>\n\t\t\t\t<\/div>\n\t\t\t\t\t<\/div>\n\t\t\t\t<\/div>\n\t\t<div class=\"elementor-element elementor-element-2876755 e-con-full e-flex e-con e-parent\" data-id=\"2876755\" data-element_type=\"container\" data-e-type=\"container\">\n\t\t\t\t<div class=\"elementor-element elementor-element-2335b13 elementor--h-position-center elementor--v-position-middle elementor-arrows-position-inside elementor-pagination-position-inside elementor-widget elementor-widget-slides\" data-id=\"2335b13\" data-element_type=\"widget\" data-e-type=\"widget\" data-settings=\"{&quot;navigation&quot;:&quot;both&quot;,&quot;autoplay&quot;:&quot;yes&quot;,&quot;pause_on_hover&quot;:&quot;yes&quot;,&quot;pause_on_interaction&quot;:&quot;yes&quot;,&quot;autoplay_speed&quot;:5000,&quot;infinite&quot;:&quot;yes&quot;,&quot;transition&quot;:&quot;slide&quot;,&quot;transition_speed&quot;:500}\" data-widget_type=\"slides.default\">\n\t\t\t\t<div class=\"elementor-widget-container\">\n\t\t\t\t\t\t\t\t\t<div class=\"elementor-swiper\">\n\t\t\t\t\t<div class=\"elementor-slides-wrapper elementor-main-swiper swiper\" role=\"region\" aria-roledescription=\"carousel\" aria-label=\"Diapositivas\" dir=\"ltr\" data-animation=\"fadeInUp\">\n\t\t\t\t<div class=\"swiper-wrapper elementor-slides\">\n\t\t\t\t\t\t\t\t\t\t<div class=\"elementor-repeater-item-c446a01 swiper-slide\" role=\"group\" aria-roledescription=\"slide\"><div class=\"swiper-slide-bg\" role=\"img\" aria-label=\"cinta transportadora\"><\/div><div class=\"elementor-background-overlay\"><\/div><div class=\"swiper-slide-inner\" ><div class=\"swiper-slide-contents\"><h3 class=\"elementor-slide-heading\">Bandes transporteuses<\/h3><div class=\"elementor-slide-description\"><p>Les convoyeurs \u00e0 bande sont des syst\u00e8mes de transport largement utilis\u00e9s dans diverses industries, car ils permettent le d\u00e9placement continu, s\u00fbr et efficace de mat\u00e9riaux d'un point \u00e0 un autre. Gr\u00e2ce \u00e0 cette automatisation, les processus de production sont optimis\u00e9s et le temps de manutention manuelle est r\u00e9duit au minimum. De plus, ils sont constitu\u00e9s d'une bande flexible se d\u00e9pla\u00e7ant sur des rouleaux, ce qui facilite le transport fiable de charges lourdes ou volumineuses. Par cons\u00e9quent, leurs principales caract\u00e9ristiques sont la polyvalence, l'efficacit\u00e9, la flexibilit\u00e9 de conception et la r\u00e9duction des co\u00fbts \u00e0 long terme. Ils offrent \u00e9galement une maintenance ais\u00e9e et la possibilit\u00e9 de fonctionner sur des pentes.    <\/p>\n<\/div><a href=\"https:\/\/silmisa.com\/fr\/bandes-transporteuses\/\" class=\"elementor-button elementor-slide-button elementor-size-xs\">D\u00e9couvrez plus d'informations<\/a><\/div><\/div><\/div><div class=\"elementor-repeater-item-6941247 swiper-slide\" role=\"group\" aria-roledescription=\"slide\"><div class=\"swiper-slide-bg\" role=\"img\" aria-label=\"lavadero silmisa\"><\/div><div class=\"elementor-background-overlay\"><\/div><div class=\"swiper-slide-inner\" ><div class=\"swiper-slide-contents\"><h3 class=\"elementor-slide-heading\">Lessive en plastique<\/h3><div class=\"elementor-slide-description\"><p>Ces machines sont essentielles aux lignes de recyclage, car elles \u00e9liminent les impuret\u00e9s, les mati\u00e8res organiques, les \u00e9tiquettes et les contaminants adh\u00e9rant aux mat\u00e9riaux broy\u00e9s. Leur fonction principale est de nettoyer le plastique recycl\u00e9 par friction, agitation et s\u00e9paration par densit\u00e9, am\u00e9liorant ainsi la qualit\u00e9 du produit final. De plus, cet \u00e9quipement se distingue par sa grande efficacit\u00e9 de traitement des d\u00e9chets, sa capacit\u00e9 \u00e0 g\u00e9rer de grands volumes de mat\u00e9riaux et sa facilit\u00e9 d'int\u00e9gration dans les installations industrielles. Il contribue \u00e9galement \u00e0 optimiser les performances globales de la ligne, \u00e0 r\u00e9duire les interruptions des processus suivants et \u00e0 garantir un recyclage plus rentable et durable.   <\/p>\n<\/div><a href=\"https:\/\/silmisa.com\/fr\/lessive-en-plastique\/\" class=\"elementor-button elementor-slide-button elementor-size-xs\">D\u00e9couvrez plus d'informations<\/a><\/div><\/div><\/div><div class=\"elementor-repeater-item-9be516a swiper-slide\" role=\"group\" aria-roledescription=\"slide\"><div class=\"swiper-slide-bg\" role=\"img\" aria-label=\"centrifuga\"><\/div><div class=\"elementor-background-overlay\"><\/div><div class=\"swiper-slide-inner\" ><div class=\"swiper-slide-contents\"><h3 class=\"elementor-slide-heading\">Centrifugeuses industrielles<\/h3><div class=\"elementor-slide-description\"><p>Les centrifugeuses industrielles sont des \u00e9quipements utilis\u00e9s dans le recyclage du plastique. Plus pr\u00e9cis\u00e9ment, leur fonction principale est de s\u00e9parer et d'\u00e9liminer l'eau et autres impuret\u00e9s des mati\u00e8res plastiques recycl\u00e9es. De ce fait, la qualit\u00e9 du produit final est nettement am\u00e9lior\u00e9e et son traitement ult\u00e9rieur est facilit\u00e9.<br \/>\nDe plus, ce p\u00e9riph\u00e9rique se distingue par ses nombreux avantages techniques. Premi\u00e8rement, il offre une grande efficacit\u00e9 de tri des d\u00e9chets. Deuxi\u00e8mement, il affiche une capacit\u00e9 de traitement \u00e9lev\u00e9e. Il contribue \u00e9galement aux \u00e9conomies d'\u00e9nergie dans les installations industrielles et est facile \u00e0 entretenir.   <\/p>\n<\/div><a href=\"https:\/\/silmisa.com\/fr\/centrifugeuses-industrielles\/\" class=\"elementor-button elementor-slide-button elementor-size-xs\">D\u00e9couvrez plus d'informations<\/a><\/div><\/div><\/div><div class=\"elementor-repeater-item-e5fba22 swiper-slide\" role=\"group\" aria-roledescription=\"slide\"><div class=\"swiper-slide-bg\" role=\"img\" aria-label=\"cinta de cadenas\"><\/div><div class=\"elementor-background-overlay\"><\/div><div class=\"swiper-slide-inner\" ><div class=\"swiper-slide-contents\"><h3 class=\"elementor-slide-heading\">Cha\u00eenes de convoyeur<\/h3><div class=\"elementor-slide-description\"><p>Ces syst\u00e8mes de convoyage sont con\u00e7us pour le transport continu de mat\u00e9riaux lourds ou volumineux dans des environnements industriels exigeants. Contrairement aux autres syst\u00e8mes de convoyage, ils fonctionnent gr\u00e2ce \u00e0 des cha\u00eenes m\u00e9talliques renforc\u00e9es qui d\u00e9placent le mat\u00e9riau de mani\u00e8re contr\u00f4l\u00e9e, garantissant ainsi stabilit\u00e9 et robustesse m\u00e9canique. Ils se distinguent \u00e9galement par leur robustesse structurelle, leur capacit\u00e9 \u00e0 supporter des charges importantes et leur adaptabilit\u00e9 \u00e0 diff\u00e9rentes configurations, horizontales et inclin\u00e9es. Ils constituent une solution fiable, s\u00fbre et durable, r\u00e9duisant les temps d'arr\u00eat impr\u00e9vus et am\u00e9liorant l'efficacit\u00e9 op\u00e9rationnelle des lignes de recyclage et de traitement des mat\u00e9riaux.   <\/p>\n<\/div><a href=\"https:\/\/silmisa.com\/fr\/chaines-de-convoyeur\/\" class=\"elementor-button elementor-slide-button elementor-size-xs\">D\u00e9couvrez plus d'informations<\/a><\/div><\/div><\/div><div class=\"elementor-repeater-item-b0da659 swiper-slide\" role=\"group\" aria-roledescription=\"slide\"><div class=\"swiper-slide-bg\" role=\"img\" aria-label=\"reciclaje de big bags\"><\/div><div class=\"elementor-background-overlay\"><\/div><div class=\"swiper-slide-inner\" ><div class=\"swiper-slide-contents\"><h3 class=\"elementor-slide-heading\">Support big bag<\/h3><div class=\"elementor-slide-description\"><p>Les supports pour big bags sont des structures con\u00e7ues pour maintenir et stabiliser les sacs industriels lors des op\u00e9rations de remplissage, de vidange ou de stockage temporaire. Leur fonction principale est d'assurer la manutention s\u00fbre et efficace des mat\u00e9riaux en vrac, en pr\u00e9venant les d\u00e9formations, les basculements et les risques op\u00e9rationnels. Ils se distinguent \u00e9galement par leur robustesse, leur facilit\u00e9 d'int\u00e9gration aux tr\u00e9mies ou aux syst\u00e8mes de convoyage, et leur contribution \u00e0 l'am\u00e9lioration de l'ergonomie de l'usine. Ils renforcent la s\u00e9curit\u00e9 industrielle, optimisent les temps de production et am\u00e9liorent l'organisation des flux de mat\u00e9riaux au sein de l'installation.   <\/p>\n<\/div><a href=\"https:\/\/silmisa.com\/soporte-de-big-bags\/\" class=\"elementor-button elementor-slide-button elementor-size-xs\">D\u00e9couvrez plus d'informations<\/a><\/div><\/div><\/div>\t\t\t\t<\/div>\n\t\t\t\t\t\t\t\t\t\t\t\t\t\t\t<div class=\"elementor-swiper-button elementor-swiper-button-prev\" role=\"button\" tabindex=\"0\" aria-label=\"Diapositive pr\u00e9c\u00e9dente\">\n\t\t\t\t\t\t\t<svg aria-hidden=\"true\" class=\"e-font-icon-svg e-eicon-chevron-left\" viewBox=\"0 0 1000 1000\" xmlns=\"http:\/\/www.w3.org\/2000\/svg\"><path d=\"M646 125C629 125 613 133 604 142L308 442C296 454 292 471 292 487 292 504 296 521 308 533L604 854C617 867 629 875 646 875 663 875 679 871 692 858 704 846 713 829 713 812 713 796 708 779 692 767L438 487 692 225C700 217 708 204 708 187 708 171 704 154 692 142 675 129 663 125 646 125Z\"><\/path><\/svg>\t\t\t\t\t\t<\/div>\n\t\t\t\t\t\t<div class=\"elementor-swiper-button elementor-swiper-button-next\" role=\"button\" tabindex=\"0\" aria-label=\"Diapositive suivante\">\n\t\t\t\t\t\t\t<svg aria-hidden=\"true\" class=\"e-font-icon-svg e-eicon-chevron-right\" viewBox=\"0 0 1000 1000\" xmlns=\"http:\/\/www.w3.org\/2000\/svg\"><path d=\"M696 533C708 521 713 504 713 487 713 471 708 454 696 446L400 146C388 133 375 125 354 125 338 125 325 129 313 142 300 154 292 171 292 187 292 204 296 221 308 233L563 492 304 771C292 783 288 800 288 817 288 833 296 850 308 863 321 871 338 875 354 875 371 875 388 867 400 854L696 533Z\"><\/path><\/svg>\t\t\t\t\t\t<\/div>\n\t\t\t\t\t\t\t\t\t\t\t\t\t\t\t\t<div class=\"swiper-pagination\"><\/div>\n\t\t\t\t\t\t\t\t\t\t\t\t<\/div>\n\t\t\t\t<\/div>\n\t\t\t\t\t\t\t\t<\/div>\n\t\t\t\t<\/div>\n\t\t\t\t<\/div>\n\t\t<div class=\"elementor-element elementor-element-af18ed4 e-flex e-con-boxed e-con e-parent\" data-id=\"af18ed4\" data-element_type=\"container\" data-e-type=\"container\" data-settings=\"{&quot;background_background&quot;:&quot;gradient&quot;}\">\n\t\t\t\t\t<div class=\"e-con-inner\">\n\t\t<div class=\"elementor-element elementor-element-f9d2b8d e-con-full e-flex e-con e-child\" data-id=\"f9d2b8d\" data-element_type=\"container\" data-e-type=\"container\" data-settings=\"{&quot;background_background&quot;:&quot;classic&quot;}\">\n\t\t\t\t<div class=\"elementor-element elementor-element-47c5845 elementor-widget__width-initial elementor-widget elementor-widget-heading\" data-id=\"47c5845\" data-element_type=\"widget\" data-e-type=\"widget\" data-widget_type=\"heading.default\">\n\t\t\t\t<div class=\"elementor-widget-container\">\n\t\t\t\t\t<p class=\"elementor-heading-title elementor-size-default\"><a href=\"https:\/\/www.youtube.com\/@silmisamaquinaria\" target=\"_blank\" rel=\"noopener\">Avez-vous des questions concernant nos p\u00e9riph\u00e9riques?<\/a><\/p>\t\t\t\t<\/div>\n\t\t\t\t<\/div>\n\t\t\t\t<div class=\"elementor-element elementor-element-a16ca63 elementor-widget elementor-widget-heading\" data-id=\"a16ca63\" data-element_type=\"widget\" data-e-type=\"widget\" data-widget_type=\"heading.default\">\n\t\t\t\t<div class=\"elementor-widget-container\">\n\t\t\t\t\t<p class=\"elementor-heading-title elementor-size-default\">Contactez-nous maintenant et nous vous conseillerons sans engagement.<\/p>\t\t\t\t<\/div>\n\t\t\t\t<\/div>\n\t\t\t\t<\/div>\n\t\t\t\t<div class=\"elementor-element elementor-element-4003c9c elementor-view-default elementor-widget elementor-widget-icon\" data-id=\"4003c9c\" data-element_type=\"widget\" data-e-type=\"widget\" data-widget_type=\"icon.default\">\n\t\t\t\t<div class=\"elementor-widget-container\">\n\t\t\t\t\t\t\t<div class=\"elementor-icon-wrapper\">\n\t\t\t<div class=\"elementor-icon\">\n\t\t\t<svg aria-hidden=\"true\" class=\"e-font-icon-svg e-fas-arrow-circle-down\" viewBox=\"0 0 512 512\" xmlns=\"http:\/\/www.w3.org\/2000\/svg\"><path d=\"M504 256c0 137-111 248-248 248S8 393 8 256 119 8 256 8s248 111 248 248zm-143.6-28.9L288 302.6V120c0-13.3-10.7-24-24-24h-16c-13.3 0-24 10.7-24 24v182.6l-72.4-75.5c-9.3-9.7-24.8-9.9-34.3-.4l-10.9 11c-9.4 9.4-9.4 24.6 0 33.9L239 404.3c9.4 9.4 24.6 9.4 33.9 0l132.7-132.7c9.4-9.4 9.4-24.6 0-33.9l-10.9-11c-9.5-9.5-25-9.3-34.3.4z\"><\/path><\/svg>\t\t\t<\/div>\n\t\t<\/div>\n\t\t\t\t\t\t<\/div>\n\t\t\t\t<\/div>\n\t\t\t\t<div class=\"elementor-element elementor-element-62b98da elementor-align-center elementor-widget elementor-widget-button\" data-id=\"62b98da\" data-element_type=\"widget\" data-e-type=\"widget\" data-widget_type=\"button.default\">\n\t\t\t\t<div class=\"elementor-widget-container\">\n\t\t\t\t\t\t\t\t\t<div class=\"elementor-button-wrapper\">\n\t\t\t\t\t<a class=\"elementor-button elementor-button-link elementor-size-sm elementor-animation-grow\" href=\"https:\/\/silmisa.com\/fr\/contact-2\/\">\n\t\t\t\t\t\t<span class=\"elementor-button-content-wrapper\">\n\t\t\t\t\t\t\t\t\t<span class=\"elementor-button-text\">Contacter un conseiller<\/span>\n\t\t\t\t\t<\/span>\n\t\t\t\t\t<\/a>\n\t\t\t\t<\/div>\n\t\t\t\t\t\t\t\t<\/div>\n\t\t\t\t<\/div>\n\t\t\t\t\t<\/div>\n\t\t\t\t<\/div>\n\t\t\t\t<\/div>\n\t\t","protected":false},"excerpt":{"rendered":"<p>P\u00e9riph\u00e9riques Chez Silmisa, nous comprenons l&#8217;importance de fournir des solutions compl\u00e8tes et performantes pour chaque processus de recyclage industriel. C&#8217;est pourquoi nous proposons une large gamme de p\u00e9riph\u00e9riques haute performance qui compl\u00e8tent nos machines et garantissent des r\u00e9sultats optimaux \u00e0 chaque \u00e9tape du recyclage. Nos p\u00e9riph\u00e9riques comprennent des bandes transporteuses, des syst\u00e8mes de lavage de [&hellip;]<\/p>\n","protected":false},"author":5,"featured_media":18785,"parent":0,"menu_order":0,"comment_status":"closed","ping_status":"closed","template":"elementor_header_footer","meta":{"_joinchat":[],"footnotes":""},"class_list":["post-24403","page","type-page","status-publish","has-post-thumbnail","hentry"],"_links":{"self":[{"href":"https:\/\/silmisa.com\/fr\/wp-json\/wp\/v2\/pages\/24403","targetHints":{"allow":["GET"]}}],"collection":[{"href":"https:\/\/silmisa.com\/fr\/wp-json\/wp\/v2\/pages"}],"about":[{"href":"https:\/\/silmisa.com\/fr\/wp-json\/wp\/v2\/types\/page"}],"author":[{"embeddable":true,"href":"https:\/\/silmisa.com\/fr\/wp-json\/wp\/v2\/users\/5"}],"replies":[{"embeddable":true,"href":"https:\/\/silmisa.com\/fr\/wp-json\/wp\/v2\/comments?post=24403"}],"version-history":[{"count":15,"href":"https:\/\/silmisa.com\/fr\/wp-json\/wp\/v2\/pages\/24403\/revisions"}],"predecessor-version":[{"id":26286,"href":"https:\/\/silmisa.com\/fr\/wp-json\/wp\/v2\/pages\/24403\/revisions\/26286"}],"wp:featuredmedia":[{"embeddable":true,"href":"https:\/\/silmisa.com\/fr\/wp-json\/wp\/v2\/media\/18785"}],"wp:attachment":[{"href":"https:\/\/silmisa.com\/fr\/wp-json\/wp\/v2\/media?parent=24403"}],"curies":[{"name":"wp","href":"https:\/\/api.w.org\/{rel}","templated":true}]}}