{"id":24413,"date":"2026-03-05T17:03:30","date_gmt":"2026-03-05T16:03:30","guid":{"rendered":"https:\/\/silmisa.com\/peripheriegeraete-2\/"},"modified":"2026-04-15T16:24:55","modified_gmt":"2026-04-15T14:24:55","slug":"peripheriegeraete-2","status":"publish","type":"page","link":"https:\/\/silmisa.com\/de\/peripheriegeraete-2\/","title":{"rendered":"Peripherieger\u00e4te"},"content":{"rendered":"\t\t<div data-elementor-type=\"wp-page\" data-elementor-id=\"24413\" class=\"elementor elementor-24413 elementor-18528\" data-elementor-post-type=\"page\">\n\t\t\t\t<div class=\"elementor-element elementor-element-3523888 e-con-full e-flex e-con e-parent\" data-id=\"3523888\" data-element_type=\"container\" data-e-type=\"container\" data-settings=\"{&quot;background_background&quot;:&quot;classic&quot;}\">\n\t\t<div class=\"elementor-element elementor-element-a7e83ff e-con-full e-flex e-con e-child\" data-id=\"a7e83ff\" data-element_type=\"container\" data-e-type=\"container\" data-settings=\"{&quot;background_background&quot;:&quot;classic&quot;}\">\n\t\t\t\t<div class=\"elementor-element elementor-element-c19931b elementor-widget elementor-widget-heading\" data-id=\"c19931b\" data-element_type=\"widget\" data-e-type=\"widget\" data-widget_type=\"heading.default\">\n\t\t\t\t<div class=\"elementor-widget-container\">\n\t\t\t\t\t<h1 class=\"elementor-heading-title elementor-size-default\">Peripherieger\u00e4te<\/h1>\t\t\t\t<\/div>\n\t\t\t\t<\/div>\n\t\t\t\t<\/div>\n\t\t\t\t<\/div>\n\t\t<div class=\"elementor-element elementor-element-d100d4a e-flex e-con-boxed e-con e-parent\" data-id=\"d100d4a\" data-element_type=\"container\" data-e-type=\"container\">\n\t\t\t\t\t<div class=\"e-con-inner\">\n\t\t\t\t<div class=\"elementor-element elementor-element-dc7ecf3 elementor-widget__width-initial elementor-widget elementor-widget-text-editor\" data-id=\"dc7ecf3\" data-element_type=\"widget\" data-e-type=\"widget\" data-widget_type=\"text-editor.default\">\n\t\t\t\t<div class=\"elementor-widget-container\">\n\t\t\t\t\t\t\t\t\t<p>Wir bei Silmisa wissen, wie wichtig umfassende und effiziente L\u00f6sungen f\u00fcr jeden industriellen Recyclingprozess sind. Deshalb bieten wir ein breites Sortiment an leistungsstarken Peripherieger\u00e4ten, die unsere Maschinen optimal erg\u00e4nzen und in jeder Recyclingphase beste Ergebnisse gew\u00e4hrleisten. Zu unseren Peripherieger\u00e4ten geh\u00f6ren F\u00f6rderb\u00e4nder, Kunststoffwaschanlagen, Industriezentrifugen, F\u00f6rderketten und Big-Bag-Halterungen.   <\/p>\t\t\t\t\t\t\t\t<\/div>\n\t\t\t\t<\/div>\n\t\t\t\t\t<\/div>\n\t\t\t\t<\/div>\n\t\t<div class=\"elementor-element elementor-element-fa20d72 e-flex e-con-boxed e-con e-parent\" data-id=\"fa20d72\" data-element_type=\"container\" data-e-type=\"container\" data-settings=\"{&quot;background_background&quot;:&quot;classic&quot;}\">\n\t\t\t\t\t<div class=\"e-con-inner\">\n\t\t\t\t<div class=\"elementor-element elementor-element-c50482c elementor-widget elementor-widget-heading\" data-id=\"c50482c\" data-element_type=\"widget\" data-e-type=\"widget\" data-widget_type=\"heading.default\">\n\t\t\t\t<div class=\"elementor-widget-container\">\n\t\t\t\t\t<h2 class=\"elementor-heading-title elementor-size-default\">Unsere Peripherieger\u00e4te<\/h2>\t\t\t\t<\/div>\n\t\t\t\t<\/div>\n\t\t\t\t\t<\/div>\n\t\t\t\t<\/div>\n\t\t<div class=\"elementor-element elementor-element-2876755 e-con-full e-flex e-con e-parent\" data-id=\"2876755\" data-element_type=\"container\" data-e-type=\"container\">\n\t\t\t\t<div class=\"elementor-element elementor-element-2335b13 elementor--h-position-center elementor--v-position-middle elementor-arrows-position-inside elementor-pagination-position-inside elementor-widget elementor-widget-slides\" data-id=\"2335b13\" data-element_type=\"widget\" data-e-type=\"widget\" data-settings=\"{&quot;navigation&quot;:&quot;both&quot;,&quot;autoplay&quot;:&quot;yes&quot;,&quot;pause_on_hover&quot;:&quot;yes&quot;,&quot;pause_on_interaction&quot;:&quot;yes&quot;,&quot;autoplay_speed&quot;:5000,&quot;infinite&quot;:&quot;yes&quot;,&quot;transition&quot;:&quot;slide&quot;,&quot;transition_speed&quot;:500}\" data-widget_type=\"slides.default\">\n\t\t\t\t<div class=\"elementor-widget-container\">\n\t\t\t\t\t\t\t\t\t<div class=\"elementor-swiper\">\n\t\t\t\t\t<div class=\"elementor-slides-wrapper elementor-main-swiper swiper\" role=\"region\" aria-roledescription=\"carousel\" aria-label=\"Diapositivas\" dir=\"ltr\" data-animation=\"fadeInUp\">\n\t\t\t\t<div class=\"swiper-wrapper elementor-slides\">\n\t\t\t\t\t\t\t\t\t\t<div class=\"elementor-repeater-item-c446a01 swiper-slide\" role=\"group\" aria-roledescription=\"slide\"><div class=\"swiper-slide-bg\" role=\"img\" aria-label=\"cinta transportadora\"><\/div><div class=\"elementor-background-overlay\"><\/div><div class=\"swiper-slide-inner\" ><div class=\"swiper-slide-contents\"><h3 class=\"elementor-slide-heading\">F\u00f6rderb\u00e4nder<\/h3><div class=\"elementor-slide-description\"><p>F\u00f6rderb\u00e4nder sind in verschiedenen Branchen weit verbreitete Transportsysteme, da sie den kontinuierlichen, sicheren und effizienten Transport von Materialien erm\u00f6glichen. Dank dieser Automatisierung werden Produktionsprozesse optimiert und der manuelle Aufwand minimiert. Sie bestehen aus einem flexiblen Band, das auf Rollen l\u00e4uft und so den zuverl\u00e4ssigen Transport schwerer oder sperriger Lasten erm\u00f6glicht. Ihre Hauptmerkmale sind daher Vielseitigkeit, Effizienz, flexible Gestaltungsm\u00f6glichkeiten und langfristige Kostensenkung. Zudem bieten sie einfache Wartung und die M\u00f6glichkeit des Betriebs an Steigungen.    <\/p>\n<\/div><a href=\"https:\/\/silmisa.com\/de\/foerderbaender\/\" class=\"elementor-button elementor-slide-button elementor-size-xs\">Entdecken Sie weitere Informationen<\/a><\/div><\/div><\/div><div class=\"elementor-repeater-item-6941247 swiper-slide\" role=\"group\" aria-roledescription=\"slide\"><div class=\"swiper-slide-bg\" role=\"img\" aria-label=\"lavadero silmisa\"><\/div><div class=\"elementor-background-overlay\"><\/div><div class=\"swiper-slide-inner\" ><div class=\"swiper-slide-contents\"><h3 class=\"elementor-slide-heading\">Plastikw\u00e4sche<\/h3><div class=\"elementor-slide-description\"><p>Diese Maschinen sind in Recyclinganlagen unverzichtbar, da sie Verunreinigungen, organische Stoffe, Etiketten und sonstige Schadstoffe vom zerkleinerten Material entfernen. Ihre Hauptfunktion besteht darin, den recycelten Kunststoff durch Reibung, R\u00fchren und Dichtetrennung zu reinigen und so die Qualit\u00e4t des Endprodukts zu verbessern. Dar\u00fcber hinaus zeichnen sich diese Anlagen durch ihre hohe Effizienz bei der Abfallbeseitigung, ihre F\u00e4higkeit zur Verarbeitung gro\u00dfer Materialmengen und ihre einfache Integration in Industrieanlagen aus. Sie tragen au\u00dferdem dazu bei, die Gesamtleistung der Anlage zu optimieren, St\u00f6rungen in nachfolgenden Prozessen zu reduzieren und ein profitableres und nachhaltigeres Recycling zu gew\u00e4hrleisten.   <\/p>\n<\/div><a href=\"https:\/\/silmisa.com\/de\/plastikwaesche\/\" class=\"elementor-button elementor-slide-button elementor-size-xs\">Entdecken Sie weitere Informationen<\/a><\/div><\/div><\/div><div class=\"elementor-repeater-item-9be516a swiper-slide\" role=\"group\" aria-roledescription=\"slide\"><div class=\"swiper-slide-bg\" role=\"img\" aria-label=\"centrifuga\"><\/div><div class=\"elementor-background-overlay\"><\/div><div class=\"swiper-slide-inner\" ><div class=\"swiper-slide-contents\"><h3 class=\"elementor-slide-heading\">Industriezentrifugen<\/h3><div class=\"elementor-slide-description\"><p>Industriezentrifugen sind Anlagen, die beim Kunststoffrecycling eingesetzt werden. Ihre Hauptfunktion besteht darin, Wasser und andere Verunreinigungen aus dem recycelten Kunststoffmaterial zu entfernen. Dadurch wird die Qualit\u00e4t des Endprodukts deutlich verbessert und dessen Weiterverarbeitung erleichtert.<br \/>\nDar\u00fcber hinaus zeichnet sich dieses Peripherieger\u00e4t durch zahlreiche technische Vorteile aus. Erstens bietet es eine hohe Effizienz bei der Abfalltrennung. Zweitens verf\u00fcgt es \u00fcber eine hohe Verarbeitungskapazit\u00e4t. Es tr\u00e4gt au\u00dferdem zur Energieeinsparung in Industrieanlagen bei und ist wartungsfreundlich.   <\/p>\n<\/div><a href=\"https:\/\/silmisa.com\/de\/industriezentrifugen\/\" class=\"elementor-button elementor-slide-button elementor-size-xs\">Entdecken Sie weitere Informationen<\/a><\/div><\/div><\/div><div class=\"elementor-repeater-item-e5fba22 swiper-slide\" role=\"group\" aria-roledescription=\"slide\"><div class=\"swiper-slide-bg\" role=\"img\" aria-label=\"cinta de cadenas\"><\/div><div class=\"elementor-background-overlay\"><\/div><div class=\"swiper-slide-inner\" ><div class=\"swiper-slide-contents\"><h3 class=\"elementor-slide-heading\">F\u00f6rderketten<\/h3><div class=\"elementor-slide-description\"><p>Diese F\u00f6rdersysteme sind f\u00fcr den kontinuierlichen Transport schwerer oder sperriger Materialien in anspruchsvollen Industrieumgebungen konzipiert. Im Gegensatz zu anderen F\u00f6rdersystemen arbeiten sie mit verst\u00e4rkten Metallketten, die das Material kontrolliert transportieren und so Stabilit\u00e4t und mechanische Festigkeit gew\u00e4hrleisten. Sie zeichnen sich au\u00dferdem durch ihre robuste Konstruktion, ihre F\u00e4higkeit, hohen Belastungen standzuhalten, und ihre Anpassungsf\u00e4higkeit an verschiedene Konfigurationen \u2013 sowohl horizontal als auch geneigt \u2013 aus. Sie bieten eine zuverl\u00e4ssige, sichere und langlebige L\u00f6sung, reduzieren ungeplante Ausfallzeiten und verbessern die Betriebseffizienz in Recycling- und Materialverarbeitungsanlagen.   <\/p>\n<\/div><a href=\"https:\/\/silmisa.com\/de\/foerderketten\/\" class=\"elementor-button elementor-slide-button elementor-size-xs\">Entdecken Sie weitere Informationen<\/a><\/div><\/div><\/div><div class=\"elementor-repeater-item-b0da659 swiper-slide\" role=\"group\" aria-roledescription=\"slide\"><div class=\"swiper-slide-bg\" role=\"img\" aria-label=\"reciclaje de big bags\"><\/div><div class=\"elementor-background-overlay\"><\/div><div class=\"swiper-slide-inner\" ><div class=\"swiper-slide-contents\"><h3 class=\"elementor-slide-heading\">Big-Bag-Unterst\u00fctzung<\/h3><div class=\"elementor-slide-description\"><p>Big-Bag-St\u00fctzen sind Konstruktionen, die Industries\u00e4cke beim Bef\u00fcllen, Entleeren oder bei der Zwischenlagerung halten und stabilisieren. Ihre Hauptfunktion besteht darin, die sichere und effiziente Handhabung von Sch\u00fcttg\u00fctern zu gew\u00e4hrleisten und Verformungen, Umkippen oder Betriebsgefahren zu verhindern. Sie zeichnen sich au\u00dferdem durch ihre mechanische Festigkeit, die einfache Integration in Trichter oder F\u00f6rdersysteme und ihren Beitrag zu einer verbesserten Anlagenergonomie aus. Sie erh\u00f6hen die Arbeitssicherheit, optimieren die Produktionszeiten und verbessern die Organisation des Materialflusses innerhalb der Anlage.   <\/p>\n<\/div><a href=\"https:\/\/silmisa.com\/soporte-de-big-bags\/\" class=\"elementor-button elementor-slide-button elementor-size-xs\">Entdecken Sie weitere Informationen<\/a><\/div><\/div><\/div>\t\t\t\t<\/div>\n\t\t\t\t\t\t\t\t\t\t\t\t\t\t\t<div class=\"elementor-swiper-button elementor-swiper-button-prev\" role=\"button\" tabindex=\"0\" aria-label=\"Vorheriger Slide\">\n\t\t\t\t\t\t\t<svg aria-hidden=\"true\" class=\"e-font-icon-svg e-eicon-chevron-left\" viewBox=\"0 0 1000 1000\" xmlns=\"http:\/\/www.w3.org\/2000\/svg\"><path d=\"M646 125C629 125 613 133 604 142L308 442C296 454 292 471 292 487 292 504 296 521 308 533L604 854C617 867 629 875 646 875 663 875 679 871 692 858 704 846 713 829 713 812 713 796 708 779 692 767L438 487 692 225C700 217 708 204 708 187 708 171 704 154 692 142 675 129 663 125 646 125Z\"><\/path><\/svg>\t\t\t\t\t\t<\/div>\n\t\t\t\t\t\t<div class=\"elementor-swiper-button elementor-swiper-button-next\" role=\"button\" tabindex=\"0\" aria-label=\"N\u00e4chster Slide\">\n\t\t\t\t\t\t\t<svg aria-hidden=\"true\" class=\"e-font-icon-svg e-eicon-chevron-right\" viewBox=\"0 0 1000 1000\" xmlns=\"http:\/\/www.w3.org\/2000\/svg\"><path d=\"M696 533C708 521 713 504 713 487 713 471 708 454 696 446L400 146C388 133 375 125 354 125 338 125 325 129 313 142 300 154 292 171 292 187 292 204 296 221 308 233L563 492 304 771C292 783 288 800 288 817 288 833 296 850 308 863 321 871 338 875 354 875 371 875 388 867 400 854L696 533Z\"><\/path><\/svg>\t\t\t\t\t\t<\/div>\n\t\t\t\t\t\t\t\t\t\t\t\t\t\t\t\t<div class=\"swiper-pagination\"><\/div>\n\t\t\t\t\t\t\t\t\t\t\t\t<\/div>\n\t\t\t\t<\/div>\n\t\t\t\t\t\t\t\t<\/div>\n\t\t\t\t<\/div>\n\t\t\t\t<\/div>\n\t\t<div class=\"elementor-element elementor-element-af18ed4 e-flex e-con-boxed e-con e-parent\" data-id=\"af18ed4\" data-element_type=\"container\" data-e-type=\"container\" data-settings=\"{&quot;background_background&quot;:&quot;gradient&quot;}\">\n\t\t\t\t\t<div class=\"e-con-inner\">\n\t\t<div class=\"elementor-element elementor-element-f9d2b8d e-con-full e-flex e-con e-child\" data-id=\"f9d2b8d\" data-element_type=\"container\" data-e-type=\"container\" data-settings=\"{&quot;background_background&quot;:&quot;classic&quot;}\">\n\t\t\t\t<div class=\"elementor-element elementor-element-47c5845 elementor-widget__width-initial elementor-widget elementor-widget-heading\" data-id=\"47c5845\" data-element_type=\"widget\" data-e-type=\"widget\" data-widget_type=\"heading.default\">\n\t\t\t\t<div class=\"elementor-widget-container\">\n\t\t\t\t\t<p class=\"elementor-heading-title elementor-size-default\"><a href=\"https:\/\/www.youtube.com\/@silmisamaquinaria\" target=\"_blank\" rel=\"noopener\">Haben Sie Fragen zu unseren Peripherieger\u00e4ten?<\/a><\/p>\t\t\t\t<\/div>\n\t\t\t\t<\/div>\n\t\t\t\t<div class=\"elementor-element elementor-element-a16ca63 elementor-widget elementor-widget-heading\" data-id=\"a16ca63\" data-element_type=\"widget\" data-e-type=\"widget\" data-widget_type=\"heading.default\">\n\t\t\t\t<div class=\"elementor-widget-container\">\n\t\t\t\t\t<p class=\"elementor-heading-title elementor-size-default\">Nehmen Sie jetzt Kontakt mit uns auf und wir beraten Sie unverbindlich.<\/p>\t\t\t\t<\/div>\n\t\t\t\t<\/div>\n\t\t\t\t<\/div>\n\t\t\t\t<div class=\"elementor-element elementor-element-4003c9c elementor-view-default elementor-widget elementor-widget-icon\" data-id=\"4003c9c\" data-element_type=\"widget\" data-e-type=\"widget\" data-widget_type=\"icon.default\">\n\t\t\t\t<div class=\"elementor-widget-container\">\n\t\t\t\t\t\t\t<div class=\"elementor-icon-wrapper\">\n\t\t\t<div class=\"elementor-icon\">\n\t\t\t<svg aria-hidden=\"true\" class=\"e-font-icon-svg e-fas-arrow-circle-down\" viewBox=\"0 0 512 512\" xmlns=\"http:\/\/www.w3.org\/2000\/svg\"><path d=\"M504 256c0 137-111 248-248 248S8 393 8 256 119 8 256 8s248 111 248 248zm-143.6-28.9L288 302.6V120c0-13.3-10.7-24-24-24h-16c-13.3 0-24 10.7-24 24v182.6l-72.4-75.5c-9.3-9.7-24.8-9.9-34.3-.4l-10.9 11c-9.4 9.4-9.4 24.6 0 33.9L239 404.3c9.4 9.4 24.6 9.4 33.9 0l132.7-132.7c9.4-9.4 9.4-24.6 0-33.9l-10.9-11c-9.5-9.5-25-9.3-34.3.4z\"><\/path><\/svg>\t\t\t<\/div>\n\t\t<\/div>\n\t\t\t\t\t\t<\/div>\n\t\t\t\t<\/div>\n\t\t\t\t<div class=\"elementor-element elementor-element-62b98da elementor-align-center elementor-widget elementor-widget-button\" data-id=\"62b98da\" data-element_type=\"widget\" data-e-type=\"widget\" data-widget_type=\"button.default\">\n\t\t\t\t<div class=\"elementor-widget-container\">\n\t\t\t\t\t\t\t\t\t<div class=\"elementor-button-wrapper\">\n\t\t\t\t\t<a class=\"elementor-button elementor-button-link elementor-size-sm elementor-animation-grow\" href=\"https:\/\/silmisa.com\/de\/kontakt-2\/\">\n\t\t\t\t\t\t<span class=\"elementor-button-content-wrapper\">\n\t\t\t\t\t\t\t\t\t<span class=\"elementor-button-text\">Kontaktieren Sie einen Berater<\/span>\n\t\t\t\t\t<\/span>\n\t\t\t\t\t<\/a>\n\t\t\t\t<\/div>\n\t\t\t\t\t\t\t\t<\/div>\n\t\t\t\t<\/div>\n\t\t\t\t\t<\/div>\n\t\t\t\t<\/div>\n\t\t\t\t<\/div>\n\t\t","protected":false},"excerpt":{"rendered":"<p>Peripherieger\u00e4te Wir bei Silmisa wissen, wie wichtig umfassende und effiziente L\u00f6sungen f\u00fcr jeden industriellen Recyclingprozess sind. Deshalb bieten wir ein breites Sortiment an leistungsstarken Peripherieger\u00e4ten, die unsere Maschinen optimal erg\u00e4nzen und in jeder Recyclingphase beste Ergebnisse gew\u00e4hrleisten. Zu unseren Peripherieger\u00e4ten geh\u00f6ren F\u00f6rderb\u00e4nder, Kunststoffwaschanlagen, Industriezentrifugen, F\u00f6rderketten und Big-Bag-Halterungen. Unsere Peripherieger\u00e4te F\u00f6rderb\u00e4nder F\u00f6rderb\u00e4nder sind in verschiedenen Branchen [&hellip;]<\/p>\n","protected":false},"author":5,"featured_media":18786,"parent":0,"menu_order":0,"comment_status":"closed","ping_status":"closed","template":"elementor_header_footer","meta":{"_joinchat":[],"footnotes":""},"class_list":["post-24413","page","type-page","status-publish","has-post-thumbnail","hentry"],"_links":{"self":[{"href":"https:\/\/silmisa.com\/de\/wp-json\/wp\/v2\/pages\/24413","targetHints":{"allow":["GET"]}}],"collection":[{"href":"https:\/\/silmisa.com\/de\/wp-json\/wp\/v2\/pages"}],"about":[{"href":"https:\/\/silmisa.com\/de\/wp-json\/wp\/v2\/types\/page"}],"author":[{"embeddable":true,"href":"https:\/\/silmisa.com\/de\/wp-json\/wp\/v2\/users\/5"}],"replies":[{"embeddable":true,"href":"https:\/\/silmisa.com\/de\/wp-json\/wp\/v2\/comments?post=24413"}],"version-history":[{"count":15,"href":"https:\/\/silmisa.com\/de\/wp-json\/wp\/v2\/pages\/24413\/revisions"}],"predecessor-version":[{"id":26287,"href":"https:\/\/silmisa.com\/de\/wp-json\/wp\/v2\/pages\/24413\/revisions\/26287"}],"wp:featuredmedia":[{"embeddable":true,"href":"https:\/\/silmisa.com\/de\/wp-json\/wp\/v2\/media\/18786"}],"wp:attachment":[{"href":"https:\/\/silmisa.com\/de\/wp-json\/wp\/v2\/media?parent=24413"}],"curies":[{"name":"wp","href":"https:\/\/api.w.org\/{rel}","templated":true}]}}