{"id":13168,"date":"2025-06-11T12:13:47","date_gmt":"2025-06-11T10:13:47","guid":{"rendered":"https:\/\/silmisa.com\/nachrichten\/"},"modified":"2026-03-25T16:11:48","modified_gmt":"2026-03-25T15:11:48","slug":"nachrichten","status":"publish","type":"page","link":"https:\/\/silmisa.com\/de\/nachrichten\/","title":{"rendered":"Nachrichten"},"content":{"rendered":"\t\t<div data-elementor-type=\"wp-page\" data-elementor-id=\"13168\" class=\"elementor elementor-13168 elementor-11451\" data-elementor-post-type=\"page\">\n\t\t\t\t<div class=\"elementor-element elementor-element-3523888 e-con-full e-flex e-con e-parent\" data-id=\"3523888\" data-element_type=\"container\" data-e-type=\"container\" data-settings=\"{&quot;background_background&quot;:&quot;classic&quot;}\">\n\t\t<div class=\"elementor-element elementor-element-a7e83ff e-con-full e-flex e-con e-child\" data-id=\"a7e83ff\" data-element_type=\"container\" data-e-type=\"container\" data-settings=\"{&quot;background_background&quot;:&quot;classic&quot;}\">\n\t\t\t\t<div class=\"elementor-element elementor-element-68f4a90 elementor-widget elementor-widget-heading\" data-id=\"68f4a90\" data-element_type=\"widget\" data-e-type=\"widget\" data-widget_type=\"heading.default\">\n\t\t\t\t<div class=\"elementor-widget-container\">\n\t\t\t\t\t<h1 class=\"elementor-heading-title elementor-size-default\">Nachrichten<\/h1>\t\t\t\t<\/div>\n\t\t\t\t<\/div>\n\t\t\t\t<\/div>\n\t\t\t\t<\/div>\n\t\t<div class=\"elementor-element elementor-element-d100d4a e-con-full e-flex e-con e-parent\" data-id=\"d100d4a\" data-element_type=\"container\" data-e-type=\"container\">\n\t\t\t\t<div class=\"elementor-element elementor-element-dc7ecf3 elementor-widget__width-initial elementor-widget elementor-widget-text-editor\" data-id=\"dc7ecf3\" data-element_type=\"widget\" data-e-type=\"widget\" data-widget_type=\"text-editor.default\">\n\t\t\t\t<div class=\"elementor-widget-container\">\n\t\t\t\t\t\t\t\t\t<p>In diesem Bereich laden wir Sie ein, die neuesten Nachrichten und Entwicklungen von <strong>Silmisa Maquinaria<\/strong> zu entdecken. Hier finden Sie aktuelle Informationen zu unseren neuesten Projekten sowie zu den Erfolgen und Fortschritten, die wir gemeinsam mit unseren Kunden erzielt haben.<\/p><p><strong>Willkommen auf unserem Blog!<\/strong><\/p>\t\t\t\t\t\t\t\t<\/div>\n\t\t\t\t<\/div>\n\t\t\t\t<\/div>\n\t\t<div class=\"elementor-element elementor-element-d003d67 e-flex e-con-boxed e-con e-parent\" data-id=\"d003d67\" data-element_type=\"container\" data-e-type=\"container\" data-settings=\"{&quot;background_background&quot;:&quot;classic&quot;}\">\n\t\t\t\t\t<div class=\"e-con-inner\">\n\t\t\t\t<div class=\"elementor-element elementor-element-cda349e elementor-posts--align-center elementor-grid-3 elementor-grid-tablet-2 elementor-grid-mobile-1 elementor-posts--thumbnail-top elementor-widget elementor-widget-posts\" data-id=\"cda349e\" data-element_type=\"widget\" data-e-type=\"widget\" data-settings=\"{&quot;pagination_type&quot;:&quot;numbers&quot;,&quot;classic_columns&quot;:&quot;3&quot;,&quot;classic_columns_tablet&quot;:&quot;2&quot;,&quot;classic_columns_mobile&quot;:&quot;1&quot;,&quot;classic_row_gap&quot;:{&quot;unit&quot;:&quot;px&quot;,&quot;size&quot;:35,&quot;sizes&quot;:[]},&quot;classic_row_gap_tablet&quot;:{&quot;unit&quot;:&quot;px&quot;,&quot;size&quot;:&quot;&quot;,&quot;sizes&quot;:[]},&quot;classic_row_gap_mobile&quot;:{&quot;unit&quot;:&quot;px&quot;,&quot;size&quot;:&quot;&quot;,&quot;sizes&quot;:[]}}\" data-widget_type=\"posts.classic\">\n\t\t\t\t<div class=\"elementor-widget-container\">\n\t\t\t\t\t\t\t<div class=\"elementor-posts-container elementor-posts elementor-posts--skin-classic elementor-grid\" role=\"list\">\n\t\t\t\t<article class=\"elementor-post elementor-grid-item post-25562 post type-post status-publish format-standard has-post-thumbnail hentry category-recycling-neuigkeiten tag-brecher tag-hackschnitzelmaschinen tag-hacksler tag-holz tag-holz-zerkleinern tag-holzrecycling\" role=\"listitem\">\n\t\t\t\t<a class=\"elementor-post__thumbnail__link\" href=\"https:\/\/silmisa.com\/de\/recycling-neuigkeiten\/holzhaecksler-vollstaendiger-ratgeber-und-modellvergleich\/\" tabindex=\"-1\" target=&quot;_blank&quot;>\n\t\t\t<div class=\"elementor-post__thumbnail\"><img fetchpriority=\"high\" decoding=\"async\" width=\"2240\" height=\"1260\" src=\"https:\/\/silmisa.com\/wp-content\/uploads\/2026\/03\/Portada-blog-trituradora-de-madera.webp\" class=\"attachment-full size-full wp-image-25423\" alt=\"portada blog trituradora de madera\" srcset=\"https:\/\/silmisa.com\/wp-content\/uploads\/2026\/03\/Portada-blog-trituradora-de-madera.webp 2240w, https:\/\/silmisa.com\/wp-content\/uploads\/2026\/03\/Portada-blog-trituradora-de-madera-300x169.webp 300w, https:\/\/silmisa.com\/wp-content\/uploads\/2026\/03\/Portada-blog-trituradora-de-madera-1024x576.webp 1024w, https:\/\/silmisa.com\/wp-content\/uploads\/2026\/03\/Portada-blog-trituradora-de-madera-768x432.webp 768w, https:\/\/silmisa.com\/wp-content\/uploads\/2026\/03\/Portada-blog-trituradora-de-madera-1536x864.webp 1536w, https:\/\/silmisa.com\/wp-content\/uploads\/2026\/03\/Portada-blog-trituradora-de-madera-2048x1152.webp 2048w\" sizes=\"(max-width: 2240px) 100vw, 2240px\" \/><\/div>\n\t\t<\/a>\n\t\t\t\t<div class=\"elementor-post__text\">\n\t\t\t\t<h3 class=\"elementor-post__title\">\n\t\t\t<a href=\"https:\/\/silmisa.com\/de\/recycling-neuigkeiten\/holzhaecksler-vollstaendiger-ratgeber-und-modellvergleich\/\" target=&quot;_blank&quot;>\n\t\t\t\tHolzh\u00e4cksler: Vollst\u00e4ndiger Ratgeber und Modellvergleich\t\t\t<\/a>\n\t\t<\/h3>\n\t\t\t\t<div class=\"elementor-post__meta-data\">\n\t\t\t\t\t<span class=\"elementor-post-author\">\n\t\t\tSilmisa\t\t<\/span>\n\t\t\t\t<span class=\"elementor-post-date\">\n\t\t\t26. M\u00e4rz 2026\t\t<\/span>\n\t\t\t\t<\/div>\n\t\t\n\t\t<a class=\"elementor-post__read-more\" href=\"https:\/\/silmisa.com\/de\/recycling-neuigkeiten\/holzhaecksler-vollstaendiger-ratgeber-und-modellvergleich\/\" aria-label=\"Mehr \u00fcber Holzh\u00e4cksler: Vollst\u00e4ndiger Ratgeber und Modellvergleich\" tabindex=\"-1\" target=\"_blank\">\n\t\t\tMehr lesen \u00bb\t\t<\/a>\n\n\t\t\t\t<\/div>\n\t\t\t\t<\/article>\n\t\t\t\t<article class=\"elementor-post elementor-grid-item post-21912 post type-post status-publish format-standard hentry category-neue-einrichtungen\" role=\"listitem\">\n\t\t\t\t<div class=\"elementor-post__text\">\n\t\t\t\t<h3 class=\"elementor-post__title\">\n\t\t\t<a href=\"https:\/\/silmisa.com\/de\/neue-einrichtungen\/silmisa-die-gegenwart-fuer-eine-nachhaltige-zukunft-gestalten-neue-anlage-zum-recycling-von-psa-und-verschiedenen-kunststoffarten\/\" target=&quot;_blank&quot;>\n\t\t\t\tSilmisa: Die Gegenwart f\u00fcr eine nachhaltige Zukunft gestalten. Neue Anlage zum Recycling von PSA und verschiedenen Kunststoffarten.\t\t\t<\/a>\n\t\t<\/h3>\n\t\t\t\t<div class=\"elementor-post__meta-data\">\n\t\t\t\t\t<span class=\"elementor-post-author\">\n\t\t\tadmin\t\t<\/span>\n\t\t\t\t<span class=\"elementor-post-date\">\n\t\t\t28. Januar 2026\t\t<\/span>\n\t\t\t\t<\/div>\n\t\t\n\t\t<a class=\"elementor-post__read-more\" href=\"https:\/\/silmisa.com\/de\/neue-einrichtungen\/silmisa-die-gegenwart-fuer-eine-nachhaltige-zukunft-gestalten-neue-anlage-zum-recycling-von-psa-und-verschiedenen-kunststoffarten\/\" aria-label=\"Mehr \u00fcber Silmisa: Die Gegenwart f\u00fcr eine nachhaltige Zukunft gestalten. Neue Anlage zum Recycling von PSA und verschiedenen Kunststoffarten.\" tabindex=\"-1\" target=\"_blank\">\n\t\t\tMehr lesen \u00bb\t\t<\/a>\n\n\t\t\t\t<\/div>\n\t\t\t\t<\/article>\n\t\t\t\t<article class=\"elementor-post elementor-grid-item post-21904 post type-post status-publish format-standard has-post-thumbnail hentry category-neue-einrichtungen\" role=\"listitem\">\n\t\t\t\t<a class=\"elementor-post__thumbnail__link\" href=\"https:\/\/silmisa.com\/de\/neue-einrichtungen\/neue-anlage-zum-zerkleinern-von-pp-und-hdpe\/\" tabindex=\"-1\" target=&quot;_blank&quot;>\n\t\t\t<div class=\"elementor-post__thumbnail\"><img decoding=\"async\" width=\"2560\" height=\"1922\" src=\"https:\/\/silmisa.com\/wp-content\/uploads\/2021\/01\/IMG_20210520_103637-scaled.jpg\" class=\"attachment-full size-full wp-image-5560\" alt=\"triturador lince\" srcset=\"https:\/\/silmisa.com\/wp-content\/uploads\/2021\/01\/IMG_20210520_103637-scaled.jpg 2560w, https:\/\/silmisa.com\/wp-content\/uploads\/2021\/01\/IMG_20210520_103637-300x225.jpg 300w, https:\/\/silmisa.com\/wp-content\/uploads\/2021\/01\/IMG_20210520_103637-1024x769.jpg 1024w, https:\/\/silmisa.com\/wp-content\/uploads\/2021\/01\/IMG_20210520_103637-768x577.jpg 768w, https:\/\/silmisa.com\/wp-content\/uploads\/2021\/01\/IMG_20210520_103637-1536x1153.jpg 1536w, https:\/\/silmisa.com\/wp-content\/uploads\/2021\/01\/IMG_20210520_103637-2048x1538.jpg 2048w\" sizes=\"(max-width: 2560px) 100vw, 2560px\" \/><\/div>\n\t\t<\/a>\n\t\t\t\t<div class=\"elementor-post__text\">\n\t\t\t\t<h3 class=\"elementor-post__title\">\n\t\t\t<a href=\"https:\/\/silmisa.com\/de\/neue-einrichtungen\/neue-anlage-zum-zerkleinern-von-pp-und-hdpe\/\" target=&quot;_blank&quot;>\n\t\t\t\tNeue Anlage zum Zerkleinern von PP und HDPE\t\t\t<\/a>\n\t\t<\/h3>\n\t\t\t\t<div class=\"elementor-post__meta-data\">\n\t\t\t\t\t<span class=\"elementor-post-author\">\n\t\t\tadmin\t\t<\/span>\n\t\t\t\t<span class=\"elementor-post-date\">\n\t\t\t28. Januar 2026\t\t<\/span>\n\t\t\t\t<\/div>\n\t\t\n\t\t<a class=\"elementor-post__read-more\" href=\"https:\/\/silmisa.com\/de\/neue-einrichtungen\/neue-anlage-zum-zerkleinern-von-pp-und-hdpe\/\" aria-label=\"Mehr \u00fcber Neue Anlage zum Zerkleinern von PP und HDPE\" tabindex=\"-1\" target=\"_blank\">\n\t\t\tMehr lesen \u00bb\t\t<\/a>\n\n\t\t\t\t<\/div>\n\t\t\t\t<\/article>\n\t\t\t\t<article class=\"elementor-post elementor-grid-item post-21896 post type-post status-publish format-standard has-post-thumbnail hentry category-neue-einrichtungen\" role=\"listitem\">\n\t\t\t\t<a class=\"elementor-post__thumbnail__link\" href=\"https:\/\/silmisa.com\/de\/neue-einrichtungen\/muellrecycling-eine-neue-erfolgreiche-anlage-von-silmisa-maquinaria-%f0%9f%8c%8d%f0%9f%94%84\/\" tabindex=\"-1\" target=&quot;_blank&quot;>\n\t\t\t<div class=\"elementor-post__thumbnail\"><img decoding=\"async\" width=\"2560\" height=\"1183\" src=\"https:\/\/silmisa.com\/wp-content\/uploads\/2023\/08\/20230706_082021-scaled.jpg\" class=\"attachment-full size-full wp-image-6876\" alt=\"reciclaje de cdr\" srcset=\"https:\/\/silmisa.com\/wp-content\/uploads\/2023\/08\/20230706_082021-scaled.jpg 2560w, https:\/\/silmisa.com\/wp-content\/uploads\/2023\/08\/20230706_082021-300x139.jpg 300w, https:\/\/silmisa.com\/wp-content\/uploads\/2023\/08\/20230706_082021-1024x473.jpg 1024w, https:\/\/silmisa.com\/wp-content\/uploads\/2023\/08\/20230706_082021-768x355.jpg 768w, https:\/\/silmisa.com\/wp-content\/uploads\/2023\/08\/20230706_082021-1536x710.jpg 1536w, https:\/\/silmisa.com\/wp-content\/uploads\/2023\/08\/20230706_082021-2048x946.jpg 2048w\" sizes=\"(max-width: 2560px) 100vw, 2560px\" \/><\/div>\n\t\t<\/a>\n\t\t\t\t<div class=\"elementor-post__text\">\n\t\t\t\t<h3 class=\"elementor-post__title\">\n\t\t\t<a href=\"https:\/\/silmisa.com\/de\/neue-einrichtungen\/muellrecycling-eine-neue-erfolgreiche-anlage-von-silmisa-maquinaria-%f0%9f%8c%8d%f0%9f%94%84\/\" target=&quot;_blank&quot;>\n\t\t\t\tM\u00fcllrecycling: Eine neue, erfolgreiche Anlage von Silmisa Maquinaria \ud83c\udf0d\ud83d\udd04\t\t\t<\/a>\n\t\t<\/h3>\n\t\t\t\t<div class=\"elementor-post__meta-data\">\n\t\t\t\t\t<span class=\"elementor-post-author\">\n\t\t\tadmin\t\t<\/span>\n\t\t\t\t<span class=\"elementor-post-date\">\n\t\t\t28. Januar 2026\t\t<\/span>\n\t\t\t\t<\/div>\n\t\t\n\t\t<a class=\"elementor-post__read-more\" href=\"https:\/\/silmisa.com\/de\/neue-einrichtungen\/muellrecycling-eine-neue-erfolgreiche-anlage-von-silmisa-maquinaria-%f0%9f%8c%8d%f0%9f%94%84\/\" aria-label=\"Mehr \u00fcber M\u00fcllrecycling: Eine neue, erfolgreiche Anlage von Silmisa Maquinaria \ud83c\udf0d\ud83d\udd04\" tabindex=\"-1\" target=\"_blank\">\n\t\t\tMehr lesen \u00bb\t\t<\/a>\n\n\t\t\t\t<\/div>\n\t\t\t\t<\/article>\n\t\t\t\t<article class=\"elementor-post elementor-grid-item post-21888 post type-post status-publish format-standard has-post-thumbnail hentry category-neue-einrichtungen\" role=\"listitem\">\n\t\t\t\t<a class=\"elementor-post__thumbnail__link\" href=\"https:\/\/silmisa.com\/de\/neue-einrichtungen\/neue-anlage-fuer-polyethylen-hoch-und-niedrigdichte\/\" tabindex=\"-1\" target=&quot;_blank&quot;>\n\t\t\t<div class=\"elementor-post__thumbnail\"><img loading=\"lazy\" decoding=\"async\" width=\"2560\" height=\"1920\" src=\"https:\/\/silmisa.com\/wp-content\/uploads\/2023\/08\/20230307_114133-scaled.jpg\" class=\"attachment-full size-full wp-image-6882\" alt=\"reciclaje de polietileno\" srcset=\"https:\/\/silmisa.com\/wp-content\/uploads\/2023\/08\/20230307_114133-scaled.jpg 2560w, https:\/\/silmisa.com\/wp-content\/uploads\/2023\/08\/20230307_114133-300x225.jpg 300w, https:\/\/silmisa.com\/wp-content\/uploads\/2023\/08\/20230307_114133-1024x768.jpg 1024w, https:\/\/silmisa.com\/wp-content\/uploads\/2023\/08\/20230307_114133-768x576.jpg 768w, https:\/\/silmisa.com\/wp-content\/uploads\/2023\/08\/20230307_114133-1536x1152.jpg 1536w, https:\/\/silmisa.com\/wp-content\/uploads\/2023\/08\/20230307_114133-2048x1536.jpg 2048w\" sizes=\"(max-width: 2560px) 100vw, 2560px\" \/><\/div>\n\t\t<\/a>\n\t\t\t\t<div class=\"elementor-post__text\">\n\t\t\t\t<h3 class=\"elementor-post__title\">\n\t\t\t<a href=\"https:\/\/silmisa.com\/de\/neue-einrichtungen\/neue-anlage-fuer-polyethylen-hoch-und-niedrigdichte\/\" target=&quot;_blank&quot;>\n\t\t\t\tNEUE ANLAGE F\u00dcR POLYETHYLEN HOCH- UND NIEDRIGDICHTE.\t\t\t<\/a>\n\t\t<\/h3>\n\t\t\t\t<div class=\"elementor-post__meta-data\">\n\t\t\t\t\t<span class=\"elementor-post-author\">\n\t\t\tadmin\t\t<\/span>\n\t\t\t\t<span class=\"elementor-post-date\">\n\t\t\t28. Januar 2026\t\t<\/span>\n\t\t\t\t<\/div>\n\t\t\n\t\t<a class=\"elementor-post__read-more\" href=\"https:\/\/silmisa.com\/de\/neue-einrichtungen\/neue-anlage-fuer-polyethylen-hoch-und-niedrigdichte\/\" aria-label=\"Mehr \u00fcber NEUE ANLAGE F\u00dcR POLYETHYLEN HOCH- UND NIEDRIGDICHTE.\" tabindex=\"-1\" target=\"_blank\">\n\t\t\tMehr lesen \u00bb\t\t<\/a>\n\n\t\t\t\t<\/div>\n\t\t\t\t<\/article>\n\t\t\t\t<article class=\"elementor-post elementor-grid-item post-21880 post type-post status-publish format-standard hentry category-neue-einrichtungen\" role=\"listitem\">\n\t\t\t\t<div class=\"elementor-post__text\">\n\t\t\t\t<h3 class=\"elementor-post__title\">\n\t\t\t<a href=\"https:\/\/silmisa.com\/de\/neue-einrichtungen\/wir-foerdern-das-zerkleinern-von-post-consumer-kunststoffen\/\" target=&quot;_blank&quot;>\n\t\t\t\tWir f\u00f6rdern das Zerkleinern von Post-Consumer-Kunststoffen.\t\t\t<\/a>\n\t\t<\/h3>\n\t\t\t\t<div class=\"elementor-post__meta-data\">\n\t\t\t\t\t<span class=\"elementor-post-author\">\n\t\t\tadmin\t\t<\/span>\n\t\t\t\t<span class=\"elementor-post-date\">\n\t\t\t28. Januar 2026\t\t<\/span>\n\t\t\t\t<\/div>\n\t\t\n\t\t<a class=\"elementor-post__read-more\" href=\"https:\/\/silmisa.com\/de\/neue-einrichtungen\/wir-foerdern-das-zerkleinern-von-post-consumer-kunststoffen\/\" aria-label=\"Mehr \u00fcber Wir f\u00f6rdern das Zerkleinern von Post-Consumer-Kunststoffen.\" tabindex=\"-1\" target=\"_blank\">\n\t\t\tMehr lesen \u00bb\t\t<\/a>\n\n\t\t\t\t<\/div>\n\t\t\t\t<\/article>\n\t\t\t\t<article class=\"elementor-post elementor-grid-item post-21864 post type-post status-publish format-standard hentry category-neue-einrichtungen tag-abschleppwagen tag-hackschnitzel tag-holz tag-holzrecycling tag-lince-de tag-neuinstallation tag-pellets\" role=\"listitem\">\n\t\t\t\t<div class=\"elementor-post__text\">\n\t\t\t\t<h3 class=\"elementor-post__title\">\n\t\t\t<a href=\"https:\/\/silmisa.com\/de\/neue-einrichtungen\/wir-foerdern-die-pelletproduktion-mit-der-verheerenden-lince-maschine\/\" target=&quot;_blank&quot;>\n\t\t\t\tWir f\u00f6rdern die Pelletproduktion mit der verheerenden Lince-Maschine.\t\t\t<\/a>\n\t\t<\/h3>\n\t\t\t\t<div class=\"elementor-post__meta-data\">\n\t\t\t\t\t<span class=\"elementor-post-author\">\n\t\t\tSilmisa\t\t<\/span>\n\t\t\t\t<span class=\"elementor-post-date\">\n\t\t\t28. Januar 2026\t\t<\/span>\n\t\t\t\t<\/div>\n\t\t\n\t\t<a class=\"elementor-post__read-more\" href=\"https:\/\/silmisa.com\/de\/neue-einrichtungen\/wir-foerdern-die-pelletproduktion-mit-der-verheerenden-lince-maschine\/\" aria-label=\"Mehr \u00fcber Wir f\u00f6rdern die Pelletproduktion mit der verheerenden Lince-Maschine.\" tabindex=\"-1\" target=\"_blank\">\n\t\t\tMehr lesen \u00bb\t\t<\/a>\n\n\t\t\t\t<\/div>\n\t\t\t\t<\/article>\n\t\t\t\t<article class=\"elementor-post elementor-grid-item post-21856 post type-post status-publish format-standard has-post-thumbnail hentry category-videos-de tag-abschleppwagen tag-lince-de tag-pellets tag-silmisa-de tag-splitter\" role=\"listitem\">\n\t\t\t\t<a class=\"elementor-post__thumbnail__link\" href=\"https:\/\/silmisa.com\/de\/videos-de\/holzzerstoerung-mit-dem-lince-52-150\/\" tabindex=\"-1\" target=&quot;_blank&quot;>\n\t\t\t<div class=\"elementor-post__thumbnail\"><img loading=\"lazy\" decoding=\"async\" width=\"1920\" height=\"1080\" src=\"https:\/\/silmisa.com\/wp-content\/uploads\/2023\/09\/9.jpg\" class=\"attachment-full size-full wp-image-6861\" alt=\"triturador lince 52\/150\" srcset=\"https:\/\/silmisa.com\/wp-content\/uploads\/2023\/09\/9.jpg 1920w, https:\/\/silmisa.com\/wp-content\/uploads\/2023\/09\/9-300x169.jpg 300w, https:\/\/silmisa.com\/wp-content\/uploads\/2023\/09\/9-1024x576.jpg 1024w, https:\/\/silmisa.com\/wp-content\/uploads\/2023\/09\/9-768x432.jpg 768w, https:\/\/silmisa.com\/wp-content\/uploads\/2023\/09\/9-1536x864.jpg 1536w\" sizes=\"(max-width: 1920px) 100vw, 1920px\" \/><\/div>\n\t\t<\/a>\n\t\t\t\t<div class=\"elementor-post__text\">\n\t\t\t\t<h3 class=\"elementor-post__title\">\n\t\t\t<a href=\"https:\/\/silmisa.com\/de\/videos-de\/holzzerstoerung-mit-dem-lince-52-150\/\" target=&quot;_blank&quot;>\n\t\t\t\tHolzzerst\u00f6rung mit dem Lince 52\/150\t\t\t<\/a>\n\t\t<\/h3>\n\t\t\t\t<div class=\"elementor-post__meta-data\">\n\t\t\t\t\t<span class=\"elementor-post-author\">\n\t\t\tSilmisa\t\t<\/span>\n\t\t\t\t<span class=\"elementor-post-date\">\n\t\t\t28. Januar 2026\t\t<\/span>\n\t\t\t\t<\/div>\n\t\t\n\t\t<a class=\"elementor-post__read-more\" href=\"https:\/\/silmisa.com\/de\/videos-de\/holzzerstoerung-mit-dem-lince-52-150\/\" aria-label=\"Mehr \u00fcber Holzzerst\u00f6rung mit dem Lince 52\/150\" tabindex=\"-1\" target=\"_blank\">\n\t\t\tMehr lesen \u00bb\t\t<\/a>\n\n\t\t\t\t<\/div>\n\t\t\t\t<\/article>\n\t\t\t\t<article class=\"elementor-post elementor-grid-item post-21846 post type-post status-publish format-standard has-post-thumbnail hentry category-neue-einrichtungen category-videos-de tag-bast-aus-polypropylen tag-centauro-52-240 tag-kunststoff tag-kunststoffrecycling tag-plastik-recyceln tag-zerkleinern-sie-polypropylen\" role=\"listitem\">\n\t\t\t\t<a class=\"elementor-post__thumbnail__link\" href=\"https:\/\/silmisa.com\/de\/videos-de\/recycling-von-polypropylen-raffia\/\" tabindex=\"-1\" target=&quot;_blank&quot;>\n\t\t\t<div class=\"elementor-post__thumbnail\"><img loading=\"lazy\" decoding=\"async\" width=\"1920\" height=\"1080\" src=\"https:\/\/silmisa.com\/wp-content\/uploads\/2023\/10\/Portada-Destrozando-Rafia-de-Polipropileno_foto.png\" class=\"attachment-full size-full wp-image-6855\" alt=\"reciclaje de rafia de polipropileno\" srcset=\"https:\/\/silmisa.com\/wp-content\/uploads\/2023\/10\/Portada-Destrozando-Rafia-de-Polipropileno_foto.png 1920w, https:\/\/silmisa.com\/wp-content\/uploads\/2023\/10\/Portada-Destrozando-Rafia-de-Polipropileno_foto-300x169.png 300w, https:\/\/silmisa.com\/wp-content\/uploads\/2023\/10\/Portada-Destrozando-Rafia-de-Polipropileno_foto-1024x576.png 1024w, https:\/\/silmisa.com\/wp-content\/uploads\/2023\/10\/Portada-Destrozando-Rafia-de-Polipropileno_foto-768x432.png 768w, https:\/\/silmisa.com\/wp-content\/uploads\/2023\/10\/Portada-Destrozando-Rafia-de-Polipropileno_foto-1536x864.png 1536w\" sizes=\"(max-width: 1920px) 100vw, 1920px\" \/><\/div>\n\t\t<\/a>\n\t\t\t\t<div class=\"elementor-post__text\">\n\t\t\t\t<h3 class=\"elementor-post__title\">\n\t\t\t<a href=\"https:\/\/silmisa.com\/de\/videos-de\/recycling-von-polypropylen-raffia\/\" target=&quot;_blank&quot;>\n\t\t\t\tRecycling von Polypropylen-Raffia\t\t\t<\/a>\n\t\t<\/h3>\n\t\t\t\t<div class=\"elementor-post__meta-data\">\n\t\t\t\t\t<span class=\"elementor-post-author\">\n\t\t\tSilmisa\t\t<\/span>\n\t\t\t\t<span class=\"elementor-post-date\">\n\t\t\t28. Januar 2026\t\t<\/span>\n\t\t\t\t<\/div>\n\t\t\n\t\t<a class=\"elementor-post__read-more\" href=\"https:\/\/silmisa.com\/de\/videos-de\/recycling-von-polypropylen-raffia\/\" aria-label=\"Mehr \u00fcber Recycling von Polypropylen-Raffia\" tabindex=\"-1\" target=\"_blank\">\n\t\t\tMehr lesen \u00bb\t\t<\/a>\n\n\t\t\t\t<\/div>\n\t\t\t\t<\/article>\n\t\t\t\t<\/div>\n\t\t\n\t\t\t\t<div class=\"e-load-more-anchor\" data-page=\"1\" data-max-page=\"6\" data-next-page=\"https:\/\/silmisa.com\/de\/wp-json\/wp\/v2\/pages\/13168\/page\/2\/\"><\/div>\n\t\t\t\t<nav class=\"elementor-pagination\" aria-label=\"Seitennummerierung\">\n\t\t\t<span aria-current=\"page\" class=\"page-numbers current\"><span class=\"elementor-screen-only\">Seite<\/span>1<\/span>\n<a class=\"page-numbers\" href=\"https:\/\/silmisa.com\/de\/wp-json\/wp\/v2\/pages\/13168\/page\/2\/\"><span class=\"elementor-screen-only\">Seite<\/span>2<\/a>\n<a class=\"page-numbers\" href=\"https:\/\/silmisa.com\/de\/wp-json\/wp\/v2\/pages\/13168\/page\/3\/\"><span class=\"elementor-screen-only\">Seite<\/span>3<\/a>\n<a class=\"page-numbers\" href=\"https:\/\/silmisa.com\/de\/wp-json\/wp\/v2\/pages\/13168\/page\/4\/\"><span class=\"elementor-screen-only\">Seite<\/span>4<\/a>\n<a class=\"page-numbers\" href=\"https:\/\/silmisa.com\/de\/wp-json\/wp\/v2\/pages\/13168\/page\/5\/\"><span class=\"elementor-screen-only\">Seite<\/span>5<\/a>\t\t<\/nav>\n\t\t\t\t\t\t<\/div>\n\t\t\t\t<\/div>\n\t\t\t\t\t<\/div>\n\t\t\t\t<\/div>\n\t\t<div class=\"elementor-element elementor-element-af18ed4 e-flex e-con-boxed e-con e-parent\" data-id=\"af18ed4\" data-element_type=\"container\" data-e-type=\"container\" data-settings=\"{&quot;background_background&quot;:&quot;gradient&quot;}\">\n\t\t\t\t\t<div class=\"e-con-inner\">\n\t\t<div class=\"elementor-element elementor-element-f9d2b8d e-con-full e-flex e-con e-child\" data-id=\"f9d2b8d\" data-element_type=\"container\" data-e-type=\"container\" data-settings=\"{&quot;background_background&quot;:&quot;classic&quot;}\">\n\t\t\t\t<div class=\"elementor-element elementor-element-47c5845 elementor-widget__width-initial elementor-widget elementor-widget-heading\" data-id=\"47c5845\" data-element_type=\"widget\" data-e-type=\"widget\" data-widget_type=\"heading.default\">\n\t\t\t\t<div class=\"elementor-widget-container\">\n\t\t\t\t\t<h4 class=\"elementor-heading-title elementor-size-default\"><a href=\"https:\/\/www.youtube.com\/@silmisamaquinaria\" target=\"_blank\" rel=\"noopener\">Sie haben Fragen zu unserem Maschinenpark?<\/a><\/h4>\t\t\t\t<\/div>\n\t\t\t\t<\/div>\n\t\t\t\t<div class=\"elementor-element elementor-element-a16ca63 elementor-widget elementor-widget-heading\" data-id=\"a16ca63\" data-element_type=\"widget\" data-e-type=\"widget\" data-widget_type=\"heading.default\">\n\t\t\t\t<div class=\"elementor-widget-container\">\n\t\t\t\t\t<h4 class=\"elementor-heading-title elementor-size-default\">Nehmen Sie jetzt Kontakt mit uns auf und wir beraten Sie unverbindlich.<\/h4>\t\t\t\t<\/div>\n\t\t\t\t<\/div>\n\t\t\t\t<\/div>\n\t\t\t\t<div class=\"elementor-element elementor-element-4003c9c elementor-view-default elementor-widget elementor-widget-icon\" data-id=\"4003c9c\" data-element_type=\"widget\" data-e-type=\"widget\" data-widget_type=\"icon.default\">\n\t\t\t\t<div class=\"elementor-widget-container\">\n\t\t\t\t\t\t\t<div class=\"elementor-icon-wrapper\">\n\t\t\t<div class=\"elementor-icon\">\n\t\t\t<svg aria-hidden=\"true\" class=\"e-font-icon-svg e-fas-arrow-circle-down\" viewBox=\"0 0 512 512\" xmlns=\"http:\/\/www.w3.org\/2000\/svg\"><path d=\"M504 256c0 137-111 248-248 248S8 393 8 256 119 8 256 8s248 111 248 248zm-143.6-28.9L288 302.6V120c0-13.3-10.7-24-24-24h-16c-13.3 0-24 10.7-24 24v182.6l-72.4-75.5c-9.3-9.7-24.8-9.9-34.3-.4l-10.9 11c-9.4 9.4-9.4 24.6 0 33.9L239 404.3c9.4 9.4 24.6 9.4 33.9 0l132.7-132.7c9.4-9.4 9.4-24.6 0-33.9l-10.9-11c-9.5-9.5-25-9.3-34.3.4z\"><\/path><\/svg>\t\t\t<\/div>\n\t\t<\/div>\n\t\t\t\t\t\t<\/div>\n\t\t\t\t<\/div>\n\t\t\t\t<div class=\"elementor-element elementor-element-6ebfc6c elementor-align-center elementor-widget elementor-widget-button\" data-id=\"6ebfc6c\" data-element_type=\"widget\" data-e-type=\"widget\" data-widget_type=\"button.default\">\n\t\t\t\t<div class=\"elementor-widget-container\">\n\t\t\t\t\t\t\t\t\t<div class=\"elementor-button-wrapper\">\n\t\t\t\t\t<a class=\"elementor-button elementor-button-link elementor-size-sm elementor-animation-grow\" href=\"https:\/\/silmisa.com\/de\/kontakt-2\/\">\n\t\t\t\t\t\t<span class=\"elementor-button-content-wrapper\">\n\t\t\t\t\t\t<span class=\"elementor-button-icon\">\n\t\t\t\t<svg aria-hidden=\"true\" class=\"e-font-icon-svg e-far-arrow-alt-circle-right\" viewBox=\"0 0 512 512\" xmlns=\"http:\/\/www.w3.org\/2000\/svg\"><path d=\"M504 256C504 119 393 8 256 8S8 119 8 256s111 248 248 248 248-111 248-248zm-448 0c0-110.5 89.5-200 200-200s200 89.5 200 200-89.5 200-200 200S56 366.5 56 256zm72 20v-40c0-6.6 5.4-12 12-12h116v-67c0-10.7 12.9-16 20.5-8.5l99 99c4.7 4.7 4.7 12.3 0 17l-99 99c-7.6 7.6-20.5 2.2-20.5-8.5v-67H140c-6.6 0-12-5.4-12-12z\"><\/path><\/svg>\t\t\t<\/span>\n\t\t\t\t\t\t\t\t\t<span class=\"elementor-button-text\">Jetzt kontaktieren<\/span>\n\t\t\t\t\t<\/span>\n\t\t\t\t\t<\/a>\n\t\t\t\t<\/div>\n\t\t\t\t\t\t\t\t<\/div>\n\t\t\t\t<\/div>\n\t\t\t\t\t<\/div>\n\t\t\t\t<\/div>\n\t\t\t\t<\/div>\n\t\t","protected":false},"excerpt":{"rendered":"<p>Nachrichten In diesem Bereich laden wir Sie ein, die neuesten Nachrichten und Entwicklungen von Silmisa<\/p>\n","protected":false},"author":5,"featured_media":23196,"parent":0,"menu_order":0,"comment_status":"closed","ping_status":"closed","template":"elementor_header_footer","meta":{"_joinchat":[],"footnotes":""},"class_list":["post-13168","page","type-page","status-publish","has-post-thumbnail","hentry"],"_links":{"self":[{"href":"https:\/\/silmisa.com\/de\/wp-json\/wp\/v2\/pages\/13168","targetHints":{"allow":["GET"]}}],"collection":[{"href":"https:\/\/silmisa.com\/de\/wp-json\/wp\/v2\/pages"}],"about":[{"href":"https:\/\/silmisa.com\/de\/wp-json\/wp\/v2\/types\/page"}],"author":[{"embeddable":true,"href":"https:\/\/silmisa.com\/de\/wp-json\/wp\/v2\/users\/5"}],"replies":[{"embeddable":true,"href":"https:\/\/silmisa.com\/de\/wp-json\/wp\/v2\/comments?post=13168"}],"version-history":[{"count":13,"href":"https:\/\/silmisa.com\/de\/wp-json\/wp\/v2\/pages\/13168\/revisions"}],"predecessor-version":[{"id":25548,"href":"https:\/\/silmisa.com\/de\/wp-json\/wp\/v2\/pages\/13168\/revisions\/25548"}],"wp:featuredmedia":[{"embeddable":true,"href":"https:\/\/silmisa.com\/de\/wp-json\/wp\/v2\/media\/23196"}],"wp:attachment":[{"href":"https:\/\/silmisa.com\/de\/wp-json\/wp\/v2\/media?parent=13168"}],"curies":[{"name":"wp","href":"https:\/\/api.w.org\/{rel}","templated":true}]}}